{"id":1031,"date":"2014-05-22T17:28:07","date_gmt":"2014-05-22T17:28:07","guid":{"rendered":"http:\/\/en.iswi.org\/?page_id=1031"},"modified":"2014-10-28T17:30:55","modified_gmt":"2014-10-28T16:30:55","slug":"iswi-sporttreff","status":"publish","type":"page","link":"https:\/\/en.iswi.org\/en\/projekte\/iswi-sporttreff\/","title":{"rendered":"ISWI Sporttreff"},"content":{"rendered":"<p style=\"text-align: justify\">Wenn ihr Lust habt w\u00e4hrend des Pr\u00fcfungszeitraumes und Semesterferien Sport zu machen, dann schlie\u00dft euch dem ISWI Sportreff in der Sporthalle an.<\/p>\n<p style=\"text-align: justify\">Wir werden dabei mindestens ein Hallendrittel zur Verf\u00fcgung haben und k\u00f6nnen dort unter anderem V\u00f6lkerball, Volleyball oder Basketball spielen.<br \/>\nSolltet ihr selbst weitere Vorschl\u00e4ge haben, schau einfach vorbei und teile sie mit uns.<\/p>\n<p style=\"text-align: justify\">Bei Interesse oder auch Fragen schreibt einfach an\u00a0 andi_w(at)iswi[dot]org. Die ersten 20 Interessierten bekommen nach Anmeldung \u00fcber diese E-mail eine Einladung zugesendet.<\/p>\n<p style=\"text-align: justify\">Falls ihr registriert seid, jedoch nicht teilnehmen k\u00f6nnt, informiert uns bitte auch dar\u00fcber \u00fcber Email, um noch anderen die Chance zu geben, teilnehmen zu k\u00f6nnen.<\/p>","protected":false},"excerpt":{"rendered":"<p>Wenn ihr Lust habt w\u00e4hrend des Pr\u00fcfungszeitraumes und Semesterferien Sport zu machen, dann schlie\u00dft euch dem ISWI Sportreff in der Sporthalle an. Wir werden dabei mindestens ein Hallendrittel zur Verf\u00fcgung haben und k\u00f6nnen dort unter anderem V\u00f6lkerball, Volleyball oder Basketball spielen. Solltet ihr selbst weitere Vorschl\u00e4ge haben, schau einfach vorbei und teile sie mit uns. [&hellip;]<\/p>","protected":false},"author":6,"featured_media":1033,"parent":62,"menu_order":0,"comment_status":"closed","ping_status":"closed","template":"","meta":{"footnotes":""},"class_list":["post-1031","page","type-page","status-publish","has-post-thumbnail","hentry"],"blocksy_meta":[],"_links":{"self":[{"href":"https:\/\/en.iswi.org\/en\/wp-json\/wp\/v2\/pages\/1031","targetHints":{"allow":["GET"]}}],"collection":[{"href":"https:\/\/en.iswi.org\/en\/wp-json\/wp\/v2\/pages"}],"about":[{"href":"https:\/\/en.iswi.org\/en\/wp-json\/wp\/v2\/types\/page"}],"author":[{"embeddable":true,"href":"https:\/\/en.iswi.org\/en\/wp-json\/wp\/v2\/users\/6"}],"replies":[{"embeddable":true,"href":"https:\/\/en.iswi.org\/en\/wp-json\/wp\/v2\/comments?post=1031"}],"version-history":[{"count":0,"href":"https:\/\/en.iswi.org\/en\/wp-json\/wp\/v2\/pages\/1031\/revisions"}],"up":[{"embeddable":true,"href":"https:\/\/en.iswi.org\/en\/wp-json\/wp\/v2\/pages\/62"}],"wp:featuredmedia":[{"embeddable":true,"href":"https:\/\/en.iswi.org\/en\/wp-json\/wp\/v2\/media\/1033"}],"wp:attachment":[{"href":"https:\/\/en.iswi.org\/en\/wp-json\/wp\/v2\/media?parent=1031"}],"curies":[{"name":"wp","href":"https:\/\/api.w.org\/{rel}","templated":true}]}}