{"id":1253,"date":"2014-06-02T17:18:52","date_gmt":"2014-06-02T15:18:52","guid":{"rendered":"http:\/\/en.iswi.org\/?page_id=1253"},"modified":"2018-07-20T22:10:36","modified_gmt":"2018-07-20T20:10:36","slug":"radio-international-worldwide-music","status":"publish","type":"page","link":"https:\/\/en.iswi.org\/en\/projekte\/radio-international-worldwide-music\/","title":{"rendered":"hsf international"},"content":{"rendered":"<p style=\"text-align: justify;\">Seit dem Wintersemester 2011\/2012 gehen wir jede zweite Woche gemeinsam mit dem hsf studentenradio auf Sendung &#8211; mit\u00a0 der englischsprachigen Radiosendung &#8222;hsf international&#8220;.<\/p>\n<p style=\"text-align: justify;\">We invite international students from the TU Ilmenau as guests to every show and talk to them about their home countries and their experiences in Germany. This gives the listener the opportunity to learn interesting and new things about many different countries and cultures first-hand.<br \/>\nThe program is enriched by music from the respective country, which the international guests bring with them.<\/p>\n<p style=\"text-align: justify;\">Direkt im Anschluss an die Talkshow folgt seit dem Sommersemester 2014 die Musiksendung &#8222;worldwide music&#8220;. Sie erg\u00e4nzt die anderthalbst\u00fcndige internationale Talksendung durch einen 30-min\u00fctigen Einblick in Musik aus aller Welt.<br \/>\nIn each program, one or two artists* from the fields of world music, roots and folk as well as their music are presented in more detail.<\/p>\n<p style=\"text-align: justify;\">Both programs are in English, thus enabling international exchange.<\/p>\n<p style=\"text-align: justify;\"><strong>Broadcast date in the summer semester 2018:<\/strong><\/p>\n<p>Frequency: 98.1 FM, Stream:\u00a0<a href=\"https:\/\/www.radio-hsf.de\">https:\/\/www.radio-hsf.de<\/a><\/p>\n<ul>\n<li><span style=\"text-align: justify;\">Wednesdays (even calendar weeks)<br \/>\n<\/span>20:00 &#8211; 21:00 Talkshow<\/li>\n<\/ul>","protected":false},"excerpt":{"rendered":"<p>Seit dem Wintersemester 2011\/2012 gehen wir jede zweite Woche gemeinsam mit dem hsf studentenradio auf Sendung &#8211; mit\u00a0 der englischsprachigen Radiosendung &#8222;hsf international&#8220;. Zu jeder Sendung laden wir internationale Studierende der TU Ilmenau als G\u00e4ste ein und sprechen mit ihnen \u00fcber ihre Heimatl\u00e4nder und ihre Erfahrungen in Deutschland. Das gibt den H\u00f6rer*Innen die M\u00f6glichkeit, aus [&hellip;]<\/p>","protected":false},"author":47,"featured_media":0,"parent":62,"menu_order":0,"comment_status":"closed","ping_status":"closed","template":"","meta":{"footnotes":""},"class_list":["post-1253","page","type-page","status-publish","hentry"],"blocksy_meta":[],"_links":{"self":[{"href":"https:\/\/en.iswi.org\/en\/wp-json\/wp\/v2\/pages\/1253","targetHints":{"allow":["GET"]}}],"collection":[{"href":"https:\/\/en.iswi.org\/en\/wp-json\/wp\/v2\/pages"}],"about":[{"href":"https:\/\/en.iswi.org\/en\/wp-json\/wp\/v2\/types\/page"}],"author":[{"embeddable":true,"href":"https:\/\/en.iswi.org\/en\/wp-json\/wp\/v2\/users\/47"}],"replies":[{"embeddable":true,"href":"https:\/\/en.iswi.org\/en\/wp-json\/wp\/v2\/comments?post=1253"}],"version-history":[{"count":0,"href":"https:\/\/en.iswi.org\/en\/wp-json\/wp\/v2\/pages\/1253\/revisions"}],"up":[{"embeddable":true,"href":"https:\/\/en.iswi.org\/en\/wp-json\/wp\/v2\/pages\/62"}],"wp:attachment":[{"href":"https:\/\/en.iswi.org\/en\/wp-json\/wp\/v2\/media?parent=1253"}],"curies":[{"name":"wp","href":"https:\/\/api.w.org\/{rel}","templated":true}]}}