{"id":223,"date":"2013-12-15T20:55:15","date_gmt":"2013-12-15T20:55:15","guid":{"rendered":"http:\/\/en.iswi.org\/?page_id=223"},"modified":"2024-11-03T21:40:15","modified_gmt":"2024-11-03T20:40:15","slug":"kitchen-run","status":"publish","type":"page","link":"https:\/\/en.iswi.org\/en\/projekte\/kitchen-run\/","title":{"rendered":"Kitchen Run"},"content":{"rendered":"<div data-elementor-type=\"wp-page\" data-elementor-id=\"223\" class=\"elementor elementor-223\">\n\t\t\t\t\t\t<section class=\"elementor-section elementor-top-section elementor-element elementor-element-faf1da4 elementor-section-boxed elementor-section-height-default elementor-section-height-default\" data-id=\"faf1da4\" data-element_type=\"section\">\n\t\t\t\t\t\t<div class=\"elementor-container elementor-column-gap-default\">\n\t\t\t\t\t<div class=\"elementor-column elementor-col-100 elementor-top-column elementor-element elementor-element-8309ba2\" data-id=\"8309ba2\" data-element_type=\"column\">\n\t\t\t<div class=\"elementor-widget-wrap elementor-element-populated\">\n\t\t\t\t\t\t<div class=\"elementor-element elementor-element-a50e72a elementor-widget elementor-widget-text-editor\" data-id=\"a50e72a\" data-element_type=\"widget\" data-widget_type=\"text-editor.default\">\n\t\t\t\t<div class=\"elementor-widget-container\">\n\t\t\t\t\t\t\t\t\t<p style=\"text-align: justify\">Beim Kitchen Run kann man neue Leute kennen lernen, in fremde Kocht\u00f6pfe gucken und sich au\u00dferdem noch bei einem 3-G\u00e4nge-Men\u00fc einen ganzen Abend den Magen voll schlagen. Es handelt sich dabei quasi um ein Abendessen in wechselnder Gesellschaft, bei dem man von K\u00fcche zu K\u00fcche &#8222;rennt&#8220;. Manche kennen das Konzept der Veranstaltung vielleicht auch unter dem Namen &#8222;Running Dinner&#8220;.<\/p>\n<p style=\"text-align: justify\">The mission: You prepare either a starter, a main course or a dessert together with a friend. What each team is allowed to cook, along with the dates and locations for all courses, is emailed to them a few days before the event.<\/p>\t\t\t\t\t\t\t\t<\/div>\n\t\t\t\t<\/div>\n\t\t\t\t\t<\/div>\n\t\t<\/div>\n\t\t\t\t\t<\/div>\n\t\t<\/section>\n\t\t\t\t<section class=\"elementor-section elementor-top-section elementor-element elementor-element-c1b223a elementor-section-boxed elementor-section-height-default elementor-section-height-default\" data-id=\"c1b223a\" data-element_type=\"section\">\n\t\t\t\t\t\t<div class=\"elementor-container elementor-column-gap-default\">\n\t\t\t\t\t<div class=\"elementor-column elementor-col-33 elementor-top-column elementor-element elementor-element-22902de\" data-id=\"22902de\" data-element_type=\"column\">\n\t\t\t<div class=\"elementor-widget-wrap elementor-element-populated\">\n\t\t\t\t\t\t<div class=\"elementor-element elementor-element-f2e8020 elementor-widget elementor-widget-image\" data-id=\"f2e8020\" data-element_type=\"widget\" data-widget_type=\"image.default\">\n\t\t\t\t<div class=\"elementor-widget-container\">\n\t\t\t\t\t\t\t\t\t\t\t\t\t\t\t<img fetchpriority=\"high\" decoding=\"async\" width=\"768\" height=\"575\" src=\"https:\/\/en.iswi.org\/wp-content\/uploads\/sites\/36\/IMG_20220514_015829-768x575.jpg\" class=\"attachment-medium_large size-medium_large wp-image-11019\" alt=\"Kitchen Run\" srcset=\"https:\/\/en.iswi.org\/wp-content\/uploads\/sites\/36\/IMG_20220514_015829-768x575.jpg 768w, https:\/\/en.iswi.org\/wp-content\/uploads\/sites\/36\/IMG_20220514_015829-300x224.jpg 300w, https:\/\/en.iswi.org\/wp-content\/uploads\/sites\/36\/IMG_20220514_015829-1024x766.jpg 1024w, https:\/\/en.iswi.org\/wp-content\/uploads\/sites\/36\/IMG_20220514_015829-1536x1149.jpg 1536w, https:\/\/en.iswi.org\/wp-content\/uploads\/sites\/36\/IMG_20220514_015829-2048x1532.jpg 2048w, https:\/\/en.iswi.org\/wp-content\/uploads\/sites\/36\/IMG_20220514_015829-16x12.jpg 16w\" sizes=\"(max-width: 768px) 100vw, 768px\" \/>\t\t\t\t\t\t\t\t\t\t\t\t\t\t\t<\/div>\n\t\t\t\t<\/div>\n\t\t\t\t\t<\/div>\n\t\t<\/div>\n\t\t\t\t<div class=\"elementor-column elementor-col-33 elementor-top-column elementor-element elementor-element-b9fdc4a\" data-id=\"b9fdc4a\" data-element_type=\"column\">\n\t\t\t<div class=\"elementor-widget-wrap elementor-element-populated\">\n\t\t\t\t\t\t<div class=\"elementor-element elementor-element-b33d8c1 elementor-widget elementor-widget-image\" data-id=\"b33d8c1\" data-element_type=\"widget\" data-widget_type=\"image.default\">\n\t\t\t\t<div class=\"elementor-widget-container\">\n\t\t\t\t\t\t\t\t\t\t\t\t\t\t\t<img decoding=\"async\" width=\"1024\" height=\"678\" src=\"https:\/\/en.iswi.org\/wp-content\/uploads\/sites\/36\/45102817315_86934601df_o-1-1024x678.jpg\" class=\"attachment-large size-large wp-image-11027\" alt=\"\" srcset=\"https:\/\/en.iswi.org\/wp-content\/uploads\/sites\/36\/45102817315_86934601df_o-1-1024x678.jpg 1024w, https:\/\/en.iswi.org\/wp-content\/uploads\/sites\/36\/45102817315_86934601df_o-1-300x199.jpg 300w, https:\/\/en.iswi.org\/wp-content\/uploads\/sites\/36\/45102817315_86934601df_o-1-768x509.jpg 768w, https:\/\/en.iswi.org\/wp-content\/uploads\/sites\/36\/45102817315_86934601df_o-1-391x260.jpg 391w, https:\/\/en.iswi.org\/wp-content\/uploads\/sites\/36\/45102817315_86934601df_o-1-1536x1017.jpg 1536w, https:\/\/en.iswi.org\/wp-content\/uploads\/sites\/36\/45102817315_86934601df_o-1-2048x1356.jpg 2048w, https:\/\/en.iswi.org\/wp-content\/uploads\/sites\/36\/45102817315_86934601df_o-1-18x12.jpg 18w\" sizes=\"(max-width: 1024px) 100vw, 1024px\" \/>\t\t\t\t\t\t\t\t\t\t\t\t\t\t\t<\/div>\n\t\t\t\t<\/div>\n\t\t\t\t\t<\/div>\n\t\t<\/div>\n\t\t\t\t<div class=\"elementor-column elementor-col-33 elementor-top-column elementor-element elementor-element-3cd817f\" data-id=\"3cd817f\" data-element_type=\"column\">\n\t\t\t<div class=\"elementor-widget-wrap elementor-element-populated\">\n\t\t\t\t\t\t<div class=\"elementor-element elementor-element-3602b0b elementor-widget elementor-widget-image\" data-id=\"3602b0b\" data-element_type=\"widget\" data-widget_type=\"image.default\">\n\t\t\t\t<div class=\"elementor-widget-container\">\n\t\t\t\t\t\t\t\t\t\t\t\t\t\t\t<img decoding=\"async\" width=\"1024\" height=\"576\" src=\"https:\/\/en.iswi.org\/wp-content\/uploads\/sites\/36\/WhatsApp-Image-2023-10-21-at-9.39.01-PM-1024x576.jpeg\" class=\"attachment-large size-large wp-image-11028\" alt=\"\" srcset=\"https:\/\/en.iswi.org\/wp-content\/uploads\/sites\/36\/WhatsApp-Image-2023-10-21-at-9.39.01-PM-1024x576.jpeg 1024w, https:\/\/en.iswi.org\/wp-content\/uploads\/sites\/36\/WhatsApp-Image-2023-10-21-at-9.39.01-PM-300x169.jpeg 300w, https:\/\/en.iswi.org\/wp-content\/uploads\/sites\/36\/WhatsApp-Image-2023-10-21-at-9.39.01-PM-768x432.jpeg 768w, https:\/\/en.iswi.org\/wp-content\/uploads\/sites\/36\/WhatsApp-Image-2023-10-21-at-9.39.01-PM-1536x864.jpeg 1536w, https:\/\/en.iswi.org\/wp-content\/uploads\/sites\/36\/WhatsApp-Image-2023-10-21-at-9.39.01-PM-18x10.jpeg 18w, https:\/\/en.iswi.org\/wp-content\/uploads\/sites\/36\/WhatsApp-Image-2023-10-21-at-9.39.01-PM.jpeg 2048w\" sizes=\"(max-width: 1024px) 100vw, 1024px\" \/>\t\t\t\t\t\t\t\t\t\t\t\t\t\t\t<\/div>\n\t\t\t\t<\/div>\n\t\t\t\t\t<\/div>\n\t\t<\/div>\n\t\t\t\t\t<\/div>\n\t\t<\/section>\n\t\t\t\t<section class=\"elementor-section elementor-top-section elementor-element elementor-element-6ba63a0a elementor-section-boxed elementor-section-height-default elementor-section-height-default\" data-id=\"6ba63a0a\" data-element_type=\"section\">\n\t\t\t\t\t\t<div class=\"elementor-container elementor-column-gap-default\">\n\t\t\t\t\t<div class=\"elementor-column elementor-col-100 elementor-top-column elementor-element elementor-element-3fa122ba\" data-id=\"3fa122ba\" data-element_type=\"column\">\n\t\t\t<div class=\"elementor-widget-wrap elementor-element-populated\">\n\t\t\t\t\t\t<div class=\"elementor-element elementor-element-4fe18916 elementor-widget elementor-widget-text-editor\" data-id=\"4fe18916\" data-element_type=\"widget\" data-widget_type=\"text-editor.default\">\n\t\t\t\t<div class=\"elementor-widget-container\">\n\t\t\t\t\t\t\t\t\t<p>\u00a0<\/p>\n<h4><strong>How Does It Work?<\/strong><\/h4>\n<h5>\u00a0<\/h5>\n<h5><strong>Registration:<\/strong><\/h5>\n<p>Begin your journey by registering for the event via our registration form at the bottom of the page.<\/p>\n<h5><strong>Course Assignment:<\/strong><\/h5>\n<p>Once registered, participants are randomly assigned a course they will prepare: appetizer, main course, or dessert.<\/p>\n<h5><strong>Discover Kitchens:<\/strong><\/h5>\n<p>Along with your course assignment, you'll be given two other kitchen locations. These are places where you'll be tasting the other two courses.<\/p>\n<h5><strong>Event Timings:<\/strong><\/h5>\n<p><strong>Appetizer: 19:00 to 20:00<\/strong><\/p>\n<p><strong> Main Course: 20:30 to 21:30<\/strong><\/p>\n<p><strong> Dessert: 22:00 to 23:00<\/strong><\/p>\n<h4>\u00a0<\/h4>\n<h4><strong>The Kitchen run:<\/strong><\/h4>\n<p class=\"p4\"><b> Example:\u00a0 <\/b>If you're assigned the main course, for instance, you'll start your evening at the appetizer kitchen. Here, you'll meet two other groups. One group will serve you the appetizer they've prepared, while the other group is there just like you, to enjoy the dish.<\/p>\n<p class=\"p4\">After the appetizer, you'll head to your assigned kitchen to prepare and serve your main course. Two new groups will join you here, eager to taste your creation.<\/p>\n<p class=\"p4\">Finally, you'll move to the dessert kitchen. Here, you'll again meet two groups, and together, you'll indulge in the sweet treats prepared by one of the groups.<\/p>\n<p><!-- \/wp:paragraph --><\/p>\n<p><!-- wp:paragraph --><\/p>\n<p><!-- \/wp:paragraph --><\/p>\t\t\t\t\t\t\t\t<\/div>\n\t\t\t\t<\/div>\n\t\t\t\t\t<\/div>\n\t\t<\/div>\n\t\t\t\t\t<\/div>\n\t\t<\/section>\n\t\t\t\t<section class=\"elementor-section elementor-top-section elementor-element elementor-element-cc5f4f7 elementor-section-content-middle elementor-section-boxed elementor-section-height-default elementor-section-height-default\" data-id=\"cc5f4f7\" data-element_type=\"section\">\n\t\t\t\t\t\t<div class=\"elementor-container elementor-column-gap-default\">\n\t\t\t\t\t<div class=\"elementor-column elementor-col-100 elementor-top-column elementor-element elementor-element-5219e62\" data-id=\"5219e62\" data-element_type=\"column\">\n\t\t\t<div class=\"elementor-widget-wrap elementor-element-populated\">\n\t\t\t\t\t\t<div class=\"elementor-element elementor-element-7c09066 elementor-widget__width-initial elementor-widget elementor-widget-video\" data-id=\"7c09066\" data-element_type=\"widget\" data-settings=\"{&quot;video_type&quot;:&quot;hosted&quot;,&quot;controls&quot;:&quot;yes&quot;}\" data-widget_type=\"video.default\">\n\t\t\t\t<div class=\"elementor-widget-container\">\n\t\t\t\t\t\t\t<div class=\"e-hosted-video elementor-wrapper elementor-open-inline\">\n\t\t\t\t\t<video class=\"elementor-video\" src=\"https:\/\/en.iswi.org\/wp-content\/uploads\/Kitchen-run-example.mov\" controls=\"\" preload=\"metadata\" controlslist=\"nodownload\" poster=\"https:\/\/en.iswi.org\/wp-content\/uploads\/31075551347_493bd62925_o-scaled.jpg\"><\/video>\n\t\t\t\t<\/div>\n\t\t\t\t\t\t<\/div>\n\t\t\t\t<\/div>\n\t\t\t\t\t<\/div>\n\t\t<\/div>\n\t\t\t\t\t<\/div>\n\t\t<\/section>\n\t\t\t\t<section class=\"elementor-section elementor-top-section elementor-element elementor-element-e9e2b36 elementor-section-boxed elementor-section-height-default elementor-section-height-default\" data-id=\"e9e2b36\" data-element_type=\"section\">\n\t\t\t\t\t\t<div class=\"elementor-container elementor-column-gap-default\">\n\t\t\t\t\t<div class=\"elementor-column elementor-col-100 elementor-top-column elementor-element elementor-element-fc884f4\" data-id=\"fc884f4\" data-element_type=\"column\">\n\t\t\t<div class=\"elementor-widget-wrap elementor-element-populated\">\n\t\t\t\t\t\t<div class=\"elementor-element elementor-element-19eb93f elementor-widget elementor-widget-text-editor\" data-id=\"19eb93f\" data-element_type=\"widget\" data-widget_type=\"text-editor.default\">\n\t\t\t\t<div class=\"elementor-widget-container\">\n\t\t\t\t\t\t\t\t\t<h5><strong>Networking:\u00a0 \u00a0<\/strong><\/h5>\n<p><b>\u00a0<\/b>Throughout the evening, you'll have the opportunity to meet six diverse groups, making twelve new acquaintances. It's a chance to bond over shared culinary passions and perhaps even pick up a new recipe or two!<\/p>\n<h5><strong> Time Management:<\/strong><\/h5>\n<p><b> <\/b>Participants are encouraged to prep in advance to ensure they stick to the event's timeline. After all, the essence of the Kitchen Run is not just in the cooking, but also in the timely sharing and enjoying of each dish.<\/p>\n<h5><strong>Join Us!<\/strong><\/h5>\n<p class=\"p4\">Seid ihr bereit, euch auf diesen kulinarischen Marathon einzulassen? Ob ihr nun ein erfahrener Koch seid oder einfach nur gerne esst, der Kitchen Run verspricht einen Abend voller Spa\u00df, Essen und Freundschaft.\u00a0<\/p>\t\t\t\t\t\t\t\t<\/div>\n\t\t\t\t<\/div>\n\t\t\t\t\t<\/div>\n\t\t<\/div>\n\t\t\t\t\t<\/div>\n\t\t<\/section>\n\t\t\t\t<section class=\"elementor-section elementor-top-section elementor-element elementor-element-3a3e070 elementor-section-boxed elementor-section-height-default elementor-section-height-default\" data-id=\"3a3e070\" data-element_type=\"section\">\n\t\t\t\t\t\t<div class=\"elementor-container elementor-column-gap-default\">\n\t\t\t\t\t<div class=\"elementor-column elementor-col-100 elementor-top-column elementor-element elementor-element-f57ef28\" data-id=\"f57ef28\" data-element_type=\"column\">\n\t\t\t<div class=\"elementor-widget-wrap elementor-element-populated\">\n\t\t\t\t\t\t<div class=\"elementor-element elementor-element-656fa48 elementor-widget elementor-widget-text-editor\" data-id=\"656fa48\" data-element_type=\"widget\" data-widget_type=\"text-editor.default\">\n\t\t\t\t<div class=\"elementor-widget-container\">\n\t\t\t\t\t\t\t\t\t<p><strong>Registration<\/strong><\/p>\n<p><a class=\"wp-block-button__link\" href=\"https:\/\/en.iswi.org\/en\/kitchen-run-sign-up\/\">Register Here<\/a><\/p>\n<p>* <sub>Wenn ihr euch allein anmeldet, hei\u00dft das nicht, dass wir euch automatisch einen Partner suchen. Sollte sich allerdings\u00a0noch jemand allein anmelden, dann werden wir euch nat\u00fcrlich vorschlagen, euch zusammen zu tun.<\/sub><\/p>\t\t\t\t\t\t\t\t<\/div>\n\t\t\t\t<\/div>\n\t\t\t\t\t<\/div>\n\t\t<\/div>\n\t\t\t\t\t<\/div>\n\t\t<\/section>\n\t\t\t\t<\/div>","protected":false},"excerpt":{"rendered":"<p>Beim Kitchen Run kann man neue Leute kennen lernen, in fremde Kocht\u00f6pfe gucken und sich au\u00dferdem noch bei einem 3-G\u00e4nge-Men\u00fc einen ganzen Abend den Magen voll schlagen. Es handelt sich dabei quasi um ein Abendessen in wechselnder Gesellschaft, bei dem man von K\u00fcche zu K\u00fcche &#8222;rennt&#8220;. Manche kennen das Konzept der Veranstaltung vielleicht auch unter [&hellip;]<\/p>","protected":false},"author":47,"featured_media":1273,"parent":62,"menu_order":3,"comment_status":"closed","ping_status":"closed","template":"","meta":{"footnotes":""},"class_list":["post-223","page","type-page","status-publish","has-post-thumbnail","hentry"],"blocksy_meta":[],"_links":{"self":[{"href":"https:\/\/en.iswi.org\/en\/wp-json\/wp\/v2\/pages\/223","targetHints":{"allow":["GET"]}}],"collection":[{"href":"https:\/\/en.iswi.org\/en\/wp-json\/wp\/v2\/pages"}],"about":[{"href":"https:\/\/en.iswi.org\/en\/wp-json\/wp\/v2\/types\/page"}],"author":[{"embeddable":true,"href":"https:\/\/en.iswi.org\/en\/wp-json\/wp\/v2\/users\/47"}],"replies":[{"embeddable":true,"href":"https:\/\/en.iswi.org\/en\/wp-json\/wp\/v2\/comments?post=223"}],"version-history":[{"count":3,"href":"https:\/\/en.iswi.org\/en\/wp-json\/wp\/v2\/pages\/223\/revisions"}],"predecessor-version":[{"id":11665,"href":"https:\/\/en.iswi.org\/en\/wp-json\/wp\/v2\/pages\/223\/revisions\/11665"}],"up":[{"embeddable":true,"href":"https:\/\/en.iswi.org\/en\/wp-json\/wp\/v2\/pages\/62"}],"wp:featuredmedia":[{"embeddable":true,"href":"https:\/\/en.iswi.org\/en\/wp-json\/wp\/v2\/media\/1273"}],"wp:attachment":[{"href":"https:\/\/en.iswi.org\/en\/wp-json\/wp\/v2\/media?parent=223"}],"curies":[{"name":"wp","href":"https:\/\/api.w.org\/{rel}","templated":true}]}}