{"id":239,"date":"2013-12-15T21:09:25","date_gmt":"2013-12-15T21:09:25","guid":{"rendered":"http:\/\/en.iswi.org\/?page_id=239"},"modified":"2024-11-05T18:40:08","modified_gmt":"2024-11-05T17:40:08","slug":"kontakt","status":"publish","type":"page","link":"https:\/\/en.iswi.org\/en\/kontakt\/","title":{"rendered":"Contact  &amp; Impressum"},"content":{"rendered":"<p><a href=\"https:\/\/en.iswi.org\/en\/datenschutzerklaerung\/\">Data Privacy<\/a><\/p>\n<p style=\"text-align: justify;\"><strong>Current meeting date:<br \/>\n<\/strong>Unser aktueller Versammlungstermin ist mittwochs um 19:00 Uhr im Interclub\u00a0 (Haus L, Eingang 6c).<br \/>\nYou are also welcome to drop by the ISWI office in house A (cellar, room 017) at any time, with a bit of luck the office will have someone in it.<\/p>\n<p style=\"text-align: justify;\"><strong>Address :<br \/>\n<\/strong>Initiative Solidarische Welt Ilmenau e.V.<br \/>\nPF 100565<br \/>\n98684 Ilmenau<br \/>\nGermany<\/p>\n<p style=\"text-align: justify;\"><strong>Telephone and E-mail:<br \/>\n<\/strong>Telephone :+49 3677 69 1946<br \/>\nTelefax: +49 3677 69 1945<br \/>\nE-Mail: info(at)en.iswi.org<\/p>\n<p style=\"text-align: justify;\"><strong>Visiting Address :<br \/>\n<\/strong>Campus der Technischen Universit\u00e4t Ilmenau<br \/>\nHaus A (Max-Planck-Ring 7)<br \/>\nZimmer 017<br \/>\n98693 Ilmenau<br \/>\nGermany<\/p>\n<p style=\"text-align: justify;\"><strong>Vertretungsberechtigter Vorstand (seit 15.06.2024):<br \/>\n<\/strong>1. Vorstand:\u00a0 Rabisankar Basumatary<br \/>\n2. Vorstand:\u00a0 Dalyl Hamadou Ali<br \/>\nFinanzvorstand:\u00a0 Dimpi Nilesh Mehta<\/p>\n<p style=\"text-align: justify;\">E-Mail: vorstand(at)en.iswi.org<br \/>\nRegister court: District Court of Ilmenau<br \/>\nRegistration number: 314<\/p>\n<p style=\"text-align: justify;\"><strong>Bank Details:<\/strong>:<br \/>\nBank: Sparkasse Arnstadt-Ilmenau<br \/>\nAccount holder: ISWI e.V.<br \/>\nIBAN: DE86 8405 1010 1113 0021 62<br \/>\nBIC: HELADEF1ILK<\/p>","protected":false},"excerpt":{"rendered":"<p>Datenschutzerkl\u00e4rung Aktueller Versammlungstermin: Unser aktueller Versammlungstermin ist mittwochs um 19:00 Uhr im Interclub\u00a0 (Haus L, Eingang 6c). Du kannst aber auch gern so jederzeit im ISWI-B\u00fcro im Haus A (Keller, Zimmer 017) vorbeikommen, mit etwas Gl\u00fcck ist das B\u00fcro besetzt. Anschrift: Initiative Solidarische Welt Ilmenau e.V. PF 100565 98684 Ilmenau Deutschland Telefon und E-Mail: Telefon: [&hellip;]<\/p>","protected":false},"author":47,"featured_media":0,"parent":0,"menu_order":0,"comment_status":"closed","ping_status":"closed","template":"","meta":{"footnotes":""},"class_list":["post-239","page","type-page","status-publish","hentry"],"blocksy_meta":[],"_links":{"self":[{"href":"https:\/\/en.iswi.org\/en\/wp-json\/wp\/v2\/pages\/239","targetHints":{"allow":["GET"]}}],"collection":[{"href":"https:\/\/en.iswi.org\/en\/wp-json\/wp\/v2\/pages"}],"about":[{"href":"https:\/\/en.iswi.org\/en\/wp-json\/wp\/v2\/types\/page"}],"author":[{"embeddable":true,"href":"https:\/\/en.iswi.org\/en\/wp-json\/wp\/v2\/users\/47"}],"replies":[{"embeddable":true,"href":"https:\/\/en.iswi.org\/en\/wp-json\/wp\/v2\/comments?post=239"}],"version-history":[{"count":1,"href":"https:\/\/en.iswi.org\/en\/wp-json\/wp\/v2\/pages\/239\/revisions"}],"predecessor-version":[{"id":11668,"href":"https:\/\/en.iswi.org\/en\/wp-json\/wp\/v2\/pages\/239\/revisions\/11668"}],"wp:attachment":[{"href":"https:\/\/en.iswi.org\/en\/wp-json\/wp\/v2\/media?parent=239"}],"curies":[{"name":"wp","href":"https:\/\/api.w.org\/{rel}","templated":true}]}}