{"id":2879,"date":"2017-06-17T13:44:17","date_gmt":"2017-06-17T11:44:17","guid":{"rendered":"http:\/\/en.iswi.org\/?page_id=2879"},"modified":"2017-06-19T17:44:07","modified_gmt":"2017-06-19T15:44:07","slug":"kamerunischer-abend","status":"publish","type":"page","link":"https:\/\/en.iswi.org\/en\/projekte\/fernweh-interkultureller-abend\/kamerunischer-abend\/","title":{"rendered":"Kamerunischer Abend"},"content":{"rendered":"<p>Am 19.06.2017 findet im bi-Club der Kamerunische Abend statt. Interessierte sind wieder eingeladen das tolle Essen zu genie\u00dfen sowie einen Vortrag \u00fcber dieses Land anzuschauen.<br \/>\nEinlass ist um 20 Uhr und kostet, wie bei Clubs \u00fcblich 50 ct \/ 1 \u20ac. Beim Essen gibt Folgendes zur Auswahl:<\/p>\n<ul>\n<li>Men\u00fc 1 [vegan]: Beignet et haricot (dt.: Krapfen and Bohnensuppe, 1 \u20ac)<\/li>\n<li>Men\u00fc 2 [mit Rindfleisch]: legumes &#8222;folong&#8220; et plantain mur (dt.: Gem\u00fcse und Kochbanane, 1,50 \u20ac)<\/li>\n<\/ul>\n<p>Kommt vorbei und genie\u00dft mit uns den Abend.<\/p>","protected":false},"excerpt":{"rendered":"<p>Am 19.06.2017 findet im bi-Club der Kamerunische Abend statt. Interessierte sind wieder eingeladen das tolle Essen zu genie\u00dfen sowie einen Vortrag \u00fcber dieses Land anzuschauen. Einlass ist um 20 Uhr und kostet, wie bei Clubs \u00fcblich 50 ct \/ 1 \u20ac. Beim Essen gibt Folgendes zur Auswahl: Men\u00fc 1 [vegan]: Beignet et haricot (dt.: Krapfen [&hellip;]<\/p>","protected":false},"author":61,"featured_media":0,"parent":434,"menu_order":0,"comment_status":"closed","ping_status":"closed","template":"","meta":{"footnotes":""},"class_list":["post-2879","page","type-page","status-publish","hentry"],"blocksy_meta":[],"_links":{"self":[{"href":"https:\/\/en.iswi.org\/en\/wp-json\/wp\/v2\/pages\/2879","targetHints":{"allow":["GET"]}}],"collection":[{"href":"https:\/\/en.iswi.org\/en\/wp-json\/wp\/v2\/pages"}],"about":[{"href":"https:\/\/en.iswi.org\/en\/wp-json\/wp\/v2\/types\/page"}],"author":[{"embeddable":true,"href":"https:\/\/en.iswi.org\/en\/wp-json\/wp\/v2\/users\/61"}],"replies":[{"embeddable":true,"href":"https:\/\/en.iswi.org\/en\/wp-json\/wp\/v2\/comments?post=2879"}],"version-history":[{"count":0,"href":"https:\/\/en.iswi.org\/en\/wp-json\/wp\/v2\/pages\/2879\/revisions"}],"up":[{"embeddable":true,"href":"https:\/\/en.iswi.org\/en\/wp-json\/wp\/v2\/pages\/434"}],"wp:attachment":[{"href":"https:\/\/en.iswi.org\/en\/wp-json\/wp\/v2\/media?parent=2879"}],"curies":[{"name":"wp","href":"https:\/\/api.w.org\/{rel}","templated":true}]}}