{"id":2987,"date":"2017-10-16T22:55:05","date_gmt":"2017-10-16T20:55:05","guid":{"rendered":"http:\/\/en.iswi.org\/?page_id=2987"},"modified":"2023-11-01T09:09:09","modified_gmt":"2023-11-01T08:09:09","slug":"fernweh","status":"publish","type":"page","link":"https:\/\/en.iswi.org\/en\/projekte\/fernweh\/","title":{"rendered":"Wanderlust\/Fernweh"},"content":{"rendered":"<p>Die &#8222;Fernweh&#8220;-Serie umfasst mehrere Veranstaltungsreihen. Hier k\u00f6nnen Studierende auf verschiedene Art und Weise in Kontakt mit anderen Kulturen treten. In kulturellen und thematischen Veranstaltungen stellen internationale Studierende und weitgereiste Menschen interessante Facetten anderer L\u00e4nder, Kontinente\u00a0 <del title=\"coming soon, ToDo: ask Elon\" datetime=\"2017-10-16T15:29:42+00:00\">und Planeten<\/del>\u00a0 vor.<br \/>&#8222;Fernweh&#8220; hat folgende Unterprojekte:<\/p>\n<hr \/>\n<h3>Intercultural Nights<\/h3>\n<div style=\"margin-left: 5mm\">Im Rahmen der Montagsk\u00fcche des bi-clubs werden L\u00e4nder und Kulturr\u00e4ume durch typische Speisen, Vortrag und kulturelle Darbietungen vorgestellt.<\/div>\n<hr \/>\n<h3><a href=\"https:\/\/en.iswi.org\/en\/fernweh-vortrag\/\">LECTURES<\/a><\/h3>\n<div style=\"margin-left: 5mm\">Studierende oder andere Menschen, die etwas zu berichten haben, erz\u00e4hlen von ihren Reisen und Erfahrungen.<\/div>\n<hr \/>\n<h3>Travelbug<\/h3>\n<div style=\"margin-left: 5mm\">Das Fotoprojekt um den reisenden Marienk\u00e4fer.<\/div>\n<hr \/>\n<h3>Radio International<\/h3>\n<div style=\"margin-left: 5mm\">Eine Radiosendung im Radio hsf mit Internationaler Musik und Internationalen G\u00e4sten.<\/div>\n<div>\u00a0<\/div>\n<div>\u00a0<\/div>\n\n\n<p><\/p>","protected":false},"excerpt":{"rendered":"<p>Die &#8222;Fernweh&#8220;-Serie umfasst mehrere Veranstaltungsreihen. Hier k\u00f6nnen Studierende auf verschiedene Art und Weise in Kontakt mit anderen Kulturen treten. In kulturellen und thematischen Veranstaltungen stellen internationale Studierende und weitgereiste Menschen interessante Facetten anderer L\u00e4nder, Kontinente\u00a0 und Planeten\u00a0 vor.&#8222;Fernweh&#8220; hat folgende Unterprojekte: Interkulturelle Abende Im Rahmen der Montagsk\u00fcche des bi-clubs werden L\u00e4nder und Kulturr\u00e4ume durch typische [&hellip;]<\/p>","protected":false},"author":61,"featured_media":0,"parent":62,"menu_order":0,"comment_status":"closed","ping_status":"closed","template":"","meta":{"footnotes":""},"class_list":["post-2987","page","type-page","status-publish","hentry"],"blocksy_meta":[],"_links":{"self":[{"href":"https:\/\/en.iswi.org\/en\/wp-json\/wp\/v2\/pages\/2987","targetHints":{"allow":["GET"]}}],"collection":[{"href":"https:\/\/en.iswi.org\/en\/wp-json\/wp\/v2\/pages"}],"about":[{"href":"https:\/\/en.iswi.org\/en\/wp-json\/wp\/v2\/types\/page"}],"author":[{"embeddable":true,"href":"https:\/\/en.iswi.org\/en\/wp-json\/wp\/v2\/users\/61"}],"replies":[{"embeddable":true,"href":"https:\/\/en.iswi.org\/en\/wp-json\/wp\/v2\/comments?post=2987"}],"version-history":[{"count":0,"href":"https:\/\/en.iswi.org\/en\/wp-json\/wp\/v2\/pages\/2987\/revisions"}],"up":[{"embeddable":true,"href":"https:\/\/en.iswi.org\/en\/wp-json\/wp\/v2\/pages\/62"}],"wp:attachment":[{"href":"https:\/\/en.iswi.org\/en\/wp-json\/wp\/v2\/media?parent=2987"}],"curies":[{"name":"wp","href":"https:\/\/api.w.org\/{rel}","templated":true}]}}