{"id":3319,"date":"2018-04-25T15:33:23","date_gmt":"2018-04-25T13:33:23","guid":{"rendered":"http:\/\/en.iswi.org\/?page_id=3319"},"modified":"2018-09-13T17:13:35","modified_gmt":"2018-09-13T15:13:35","slug":"datenschutzerklaerung","status":"publish","type":"page","link":"https:\/\/en.iswi.org\/en\/datenschutzerklaerung\/","title":{"rendered":"Data Privacy"},"content":{"rendered":"<p><strong>Verantwortlicher f\u00fcr die Website<\/strong><\/p>\n<p>Diese Datenschutzerkl\u00e4rung kl\u00e4rt Nutzer \u00fcber die Art, den Umfang sowie den Zweck der Erhebung, Verarbeitung und Nutzung personenbezogener Daten durch den Initiative Solidarische Welt Ilmenau e.V., Max-Planck-Ring 7, 98693 Ilmenau, Tel.: +49 3677 69 1946, Fax: +49 3677 69 1945, info(at)en.iswi.org (im Folgenden \u201eISWI e.V.\u201c) auf dieser Website (im folgenden \u201cAngebot\u201d) auf. Der ISWI e.V. ist der Verantwortliche im Sinne von Art. 4 Abs. 7 Datenschutz-Grundverordnung (DSGVO) f\u00fcr diese Website.<\/p>\n<p><strong>Umgang mit personenbezogenen Daten<\/strong><\/p>\n<p>Personenbezogene Daten sind alle Informationen, die sich auf eine identifizierte oder identifizierbare nat\u00fcrliche Person beziehen. Dazu geh\u00f6ren zum Beispiel der Name, die E-Mailadresse sowie die Telefonnummer. Aber auch Daten dar\u00fcber, wer wann welche Webseiten angesehen hat, z\u00e4hlen zu den personenbezogenen Daten.<\/p>\n<p>Personenbezogene Daten werden im Rahmen dieser Website vom ISWI e.V. nur dann erhoben, verarbeitet oder genutzt, wenn dies gesetzlich erlaubt ist oder der Nutzer in die Datenerhebung bzw. Verarbeitung (z. B. im Kontaktformular) eingewilligt hat.<\/p>\n<p><strong>Kontaktaufnahme<\/strong><\/p>\n<p>Bei der Kontaktaufnahme mit dem ISWI e.V. (zum Beispiel per Kontaktformular oder E-Mail) werden die Angaben des Nutzers nur zum Zweck der Bearbeitung der Anfrage erhoben, gespeichert und genutzt. Diese Daten geben wir nicht an Dritte weiter. Rechtsgrundlage f\u00fcr die Verarbeitung der Daten ist unser berechtigtes Interesse an der Beantwortung Ihres Anliegens gem\u00e4\u00df Art. 6 Abs. 1 lit. f DSGVO.<\/p>\n<p>Wir weisen darauf hin, dass die \u00dcbermittlung von Daten in Form einer normalen, d. h. unverschl\u00fcsselten E-Mail als unsichere Daten\u00fcbertragung gilt.<\/p>\n<p><strong>Zugriffsdaten\/ Server-Logfiles<\/strong><\/p>\n<p>Der ISWI e.V. erhebt Daten \u00fcber jeden Zugriff auf das Angebot (so genannte Serverlogfiles). Zu den protokollierten Zugriffsdaten geh\u00f6ren:<\/p>\n<p>Name der abgerufenen Webseite, Datei, Datum und Uhrzeit des Abrufs, \u00fcbertragene Datenmenge, Meldung \u00fcber erfolgreichen Abruf, Browsertyp nebst Version, das Betriebssystem des Nutzers, Referrer URL (die zuvor besuchte Seite). Die IP-Adresse wird nicht gespeichert.<\/p>\n<p>Der ISWI e.V. verwendet die Protokolldaten nur f\u00fcr statistische Auswertungen zum Zweck des Betriebs, der Sicherheit und der Optimierung des Angebotes. Der ISWI e.V. beh\u00e4lt sich jedoch vor, die Protokolldaten nachtr\u00e4glich zu \u00fcberpr\u00fcfen, wenn aufgrund konkreter Anhaltspunkte der berechtigte Verdacht einer rechtswidrigen Nutzung besteht.<\/p>\n<p><strong>Cookies<\/strong><\/p>\n<p>Cookies sind kleine Dateien, die es erm\u00f6glichen, auf dem Zugriffsger\u00e4t der Nutzer (PC, Smartphone etc.) spezifische, auf das Ger\u00e4t bezogene Informationen zu speichern. Sie dienen zum einem der Benutzerfreundlichkeit von Webseiten und damit den Nutzern. Zum anderen bieten sie dem Websiteanbieter die M\u00f6glichkeit, statistischen Daten der Webseitennutzung zu erfassen und sie zwecks Verbesserung des Angebotes zu analysieren. Die Nutzer k\u00f6nnen auf den Einsatz der Cookies Einfluss nehmen. Die meisten Browser verf\u00fcgen \u00fcber eine Option, mit der das Speichern von Cookies eingeschr\u00e4nkt oder komplett verhindert wird. Dadurch wird die Nutzung und insbesondere der Nutzungskomfort ohne Cookies eingeschr\u00e4nkt werden. Auf der Webseite des ISWI e.V. werden sogenannte SESSION-COOKIES gesetzt, die bis zum Ende des Besuchs aktiv sind und danach wieder entfernt werden. Diese werden als Hilfsstellung f\u00fcr den User verwendet, um beispielsweise Selektionen tempor\u00e4r zu speichern.<\/p>\n<p>Rechtsgrundlage f\u00fcr die Speicherung bzw. Verarbeitung der Cookies ist unser berechtigtes Interesse an der der attraktiven und effizienten Gestaltung unserer Website gem\u00e4\u00df Art. 6 Abs. 1 lit. f DSGVO.<\/p>\n<p><strong>Social Media<\/strong><\/p>\n<p>Auf einigen unserer Webseiten finden Sie Verlinkungen zu Facebook-Fanpages, Twitter u.a. Social-Media-Plattformen. Facebook bietet den Betreibern von Fanpages eine Plattform, auf der die Analyse des Nutzungsverhaltens angemeldeter und nicht-angemeldeter Nutzer erm\u00f6glicht wird. Detaillierte Statistikinformationen werden kostenfrei mit Hilfe des Werkzeuges \u201eInsights\u201c (Reichweitenanalyse = Sammeln, Analysieren und Rapportieren der Nutzung einer oder mehrerer Websites und des Verhaltens ihrer Besucher) bereitgestellt. Die Statistiken beziehen sich auf authentifizierte Nutzende und die ihnen zugeordneten Facebookseiten und sind von Administratoren mit Facebook-Konto abrufbar (Statistiken \u00fcber: Angaben Nutzerzuwachs, Demographie, Nutzung und Erstellung von Inhalten, Nutzeraktivit\u00e4t, Alter und Geschlecht, geographische Daten, Seitenaufrufe einmalig\/mehrmalig, Medienkonsum Video\/Audio\/Foto, Abmeldungen). Nach \u00dcberschreiten einer gewissen Quantit\u00e4t an Page Impressions (Aufrufe) wird die qualifizierte Analyse der Nutzung zur Verf\u00fcgung gestellt. Diese Funktion ist derzeit nicht abschaltbar und kann nicht abbestellt werden.<\/p>\n<p>Auf unseren Facebook-Fanpages (Profilseiten bei Facebook) sind sog. \u201eSocial Plugins\u201c wie z.B. der \u201eGef\u00e4llt-mir-Button\u201c des sozialen Netzwerkes facebook.com, welches von Facebook Inc., 1601 S. California Ave, Palo Alto, CA 94304, USA betrieben wird, eingebunden. Rufen Sie eine Fanpage, die ein solches Plugin enth\u00e4lt auf, werden Informationen durch den unmittelbaren Verbindungsaufbau Ihres Browsers mit den Facebookservern in die USA \u00fcbertragen und Ihrem Nutzerkonto zugeordnet. Eine \u00dcbertragung und Speicherung erfolgt auch bei Facebook-Nichtmitgliedern. Wir haben keinen Einfluss auf den Umfang der \u00fcbermittelten Daten bzw. f\u00fcr welche Zwecke diese verwendet werden.<\/p>\n<p>Zu Details zum Umgang mit Ihren Daten durch Facebook sowie zu Ihren Rechten und Einstellungsm\u00f6glichkeiten informieren Sie sich bitte in den Datenschutzhinweisen von Facebook.<\/p>\n<p><strong>Ihre Rechte zum Datenschutz<\/strong><\/p>\n<p>Ihnen stehen sog. Betroffenenrechte zu, d.h. Rechte, die Sie als im Einzelfall betroffene Person aus\u00fcben k\u00f6nnen. Sie ergeben sich aus der DSGVO:<\/p>\n<ul>\n<li>Recht auf Auskunft (Art. 15 DSGVO): Sie haben das Recht auf Auskunft \u00fcber die Sie betreffenden gespeicherten personenbezogenen Daten.<\/li>\n<li>Recht auf Berichtigung (Art. 16 DSGVO): Wenn Sie feststellen, dass unrichtige Daten zu Ihrer Person verarbeitet werden, k\u00f6nnen Sie Berichtigung verlangen. Unvollst\u00e4ndige Daten m\u00fcssen unter Ber\u00fccksichtigung des Zwecks der Verarbeitung vervollst\u00e4ndigt werden.<\/li>\n<li>Recht auf L\u00f6schung (Art. 17 DSGVO): Sie haben das Recht, die L\u00f6schung Ihrer Daten zu verlangen, wenn bestimmte L\u00f6schgr\u00fcnde vorliegen. Dies ist insbesondere der Fall, wenn diese zu dem Zweck, zu dem sie urspr\u00fcnglich erhoben oder verarbeitet wurden, nicht mehr erforderlich sind.<\/li>\n<li>Widerspruchsrecht (Art. 21 DSGVO): Wenn wir im Rahmen einer Interessenabw\u00e4gung Ihrer personenbezogenen Daten aufgrund unseres \u00fcberwiegenden berechtigten Interesses verarbeiten, haben Sie das jederzeitige Recht aus Gr\u00fcnden die sich aus Ihrer besonderen Situation ergeben gegen diese Verarbeitung Widerspruch mit Wirkung f\u00fcr die Zukunft einzulegen. Machen Sie von Ihrem Widerspruchsrecht Gebrauch, beenden wir grunds\u00e4tzlich die Verarbeitung der betroffenen Daten.<\/li>\n<li>Ihnen stehen dar\u00fcber hinaus weitere Rechte der betroffenen Person, insbesondere das Recht auf Einschr\u00e4nkung der Datenverarbeitung, Widerspruch und Daten\u00fcbertragbarkeit zu, entsprechend den Vorgaben in Art. 12 &#8211; 23 DSGVO.<\/li>\n<\/ul>\n<p>Zur Wahrnehmung Ihrer Rechte wenden Sie sich an uns \u00fcber info(at)en.iswi.org.<\/p>\n<p>Sollten Sie Fragen bez\u00fcglich der Verarbeitung Ihrer personenbezogenen Daten durch uns oder zum Datenschutz haben, k\u00f6nnen Sie sich auch direkt an unseren Vorstand wenden. Sie erreichen ihn per E-Mail:<\/p>\n<p>info(at)en.iswi.org<\/p>\n<p>Sie haben auch das Recht, sich bei der zust\u00e4ndigen Datenschutzaufsichtsbeh\u00f6rde, dem Th\u00fcringer Datenschutzbeauftragten, zu beschweren, wenn Sie der Ansicht sind, dass die Verarbeitung Ihrer Daten datenschutzrechtlich nicht zul\u00e4ssig ist. Die Beschwerde bei der Aufsichtsbeh\u00f6rde kann formlos erfolgen.<\/p>","protected":false},"excerpt":{"rendered":"<p>Verantwortlicher f\u00fcr die Website Diese Datenschutzerkl\u00e4rung kl\u00e4rt Nutzer \u00fcber die Art, den Umfang sowie den Zweck der Erhebung, Verarbeitung und Nutzung personenbezogener Daten durch den Initiative Solidarische Welt Ilmenau e.V., Max-Planck-Ring 7, 98693 Ilmenau, Tel.: +49 3677 69 1946, Fax: +49 3677 69 1945, info(at)en.iswi.org (im Folgenden \u201eISWI e.V.\u201c) auf dieser Website (im folgenden \u201cAngebot\u201d) [&hellip;]<\/p>","protected":false},"author":53,"featured_media":0,"parent":0,"menu_order":0,"comment_status":"closed","ping_status":"closed","template":"","meta":{"footnotes":""},"class_list":["post-3319","page","type-page","status-publish","hentry"],"blocksy_meta":[],"_links":{"self":[{"href":"https:\/\/en.iswi.org\/en\/wp-json\/wp\/v2\/pages\/3319","targetHints":{"allow":["GET"]}}],"collection":[{"href":"https:\/\/en.iswi.org\/en\/wp-json\/wp\/v2\/pages"}],"about":[{"href":"https:\/\/en.iswi.org\/en\/wp-json\/wp\/v2\/types\/page"}],"author":[{"embeddable":true,"href":"https:\/\/en.iswi.org\/en\/wp-json\/wp\/v2\/users\/53"}],"replies":[{"embeddable":true,"href":"https:\/\/en.iswi.org\/en\/wp-json\/wp\/v2\/comments?post=3319"}],"version-history":[{"count":0,"href":"https:\/\/en.iswi.org\/en\/wp-json\/wp\/v2\/pages\/3319\/revisions"}],"wp:attachment":[{"href":"https:\/\/en.iswi.org\/en\/wp-json\/wp\/v2\/media?parent=3319"}],"curies":[{"name":"wp","href":"https:\/\/api.w.org\/{rel}","templated":true}]}}