{"id":3655,"date":"2018-09-23T12:14:10","date_gmt":"2018-09-23T10:14:10","guid":{"rendered":"http:\/\/en.iswi.org\/?page_id=3655"},"modified":"2018-09-23T12:14:10","modified_gmt":"2018-09-23T10:14:10","slug":"spenden","status":"publish","type":"page","link":"https:\/\/en.iswi.org\/en\/kontakt\/spenden\/","title":{"rendered":"Donations"},"content":{"rendered":"<p>Even if our work is almost entirely voluntary, we are of course dependent on financial resources for the implementation of the various projects. Would you like to support the work of ISWI e.V. financially? You are welcome to transfer monetary donations to our account:<\/p>\n<p>    Account holder: ISWI e.V.<br \/>\n    IBAN: DE86 8405 1010 1113 0021 62<br \/>\n    BIC: HELADEF1ILK<br \/>\n    Verwendungszweck: \u201eSpende&#8220;<\/p>\n<p>The ISWI e.V. is recognized as non-profit; If you wish, we can issue you a donation receipt.<\/p>","protected":false},"excerpt":{"rendered":"<p>Auch wenn unsere Arbeit nahezu vollst\u00e4ndig ehrenamtlich erfolgt, sind wir nat\u00fcrlich f\u00fcr die Umsetzung der verschiedenen Projekte auf finanzielle Mittel angewiesen. Sie m\u00f6chten die Arbeit des ISWI e.V. finanziell unterst\u00fctzen? Geldspenden k\u00f6nnen Sie gerne auf unser Konto \u00fcberweisen: Kontoinhaber: ISWI e.V. IBAN: DE86 8405 1010 1113 0021 62 BIC: HELADEF1ILK Verwendungszweck: \u201eSpende&#8220; Der ISWI e.V. [&hellip;]<\/p>","protected":false},"author":53,"featured_media":0,"parent":239,"menu_order":0,"comment_status":"closed","ping_status":"closed","template":"","meta":{"footnotes":""},"class_list":["post-3655","page","type-page","status-publish","hentry"],"blocksy_meta":[],"_links":{"self":[{"href":"https:\/\/en.iswi.org\/en\/wp-json\/wp\/v2\/pages\/3655","targetHints":{"allow":["GET"]}}],"collection":[{"href":"https:\/\/en.iswi.org\/en\/wp-json\/wp\/v2\/pages"}],"about":[{"href":"https:\/\/en.iswi.org\/en\/wp-json\/wp\/v2\/types\/page"}],"author":[{"embeddable":true,"href":"https:\/\/en.iswi.org\/en\/wp-json\/wp\/v2\/users\/53"}],"replies":[{"embeddable":true,"href":"https:\/\/en.iswi.org\/en\/wp-json\/wp\/v2\/comments?post=3655"}],"version-history":[{"count":0,"href":"https:\/\/en.iswi.org\/en\/wp-json\/wp\/v2\/pages\/3655\/revisions"}],"up":[{"embeddable":true,"href":"https:\/\/en.iswi.org\/en\/wp-json\/wp\/v2\/pages\/239"}],"wp:attachment":[{"href":"https:\/\/en.iswi.org\/en\/wp-json\/wp\/v2\/media?parent=3655"}],"curies":[{"name":"wp","href":"https:\/\/api.w.org\/{rel}","templated":true}]}}