{"id":3987,"date":"2020-02-17T18:41:03","date_gmt":"2020-02-17T17:41:03","guid":{"rendered":"http:\/\/en.iswi.org\/?page_id=3987"},"modified":"2021-10-12T23:00:59","modified_gmt":"2021-10-12T21:00:59","slug":"dialog","status":"publish","type":"page","link":"https:\/\/en.iswi.org\/en\/projekte\/dialog\/","title":{"rendered":"Ilmenauer Zentrum f\u00fcr Dialog"},"content":{"rendered":"<div class=\"li\">Mit diesem Projekt m\u00f6chte der ISWI e.V. Dialog als ein Mittel f\u00fcr Verst\u00e4ndnis zwischen Menschen sowie f\u00fcr Friedenskonsolidierung kennen lernen, Interessierten vorstellen und in Ilmenau sowie online umsetzen.<\/div>\n<div><\/div>\n<div>\n<hr \/>\n<\/div>\n<div><strong><a href=\"http:\/\/dialogue.en.iswi.org\" target=\"_blank\" rel=\"noopener noreferrer\">Website Ilmenau Dialogue Center (Englisch)<\/a><\/strong><\/div>\n<div><\/div>\n<div>\n<hr \/>\n<\/div>\n<div class=\"li\"><strong>Wie k\u00f6nnen wir Dialog anregen und f\u00f6rdern?<\/strong><\/div>\n<ul>\n<li class=\"level2\">\n<div class=\"li\">durch den Aufbau von Kapazit\u00e4ten, um Dialog zu verschiedenen Themenstellungen zu moderieren und zu begleiten<\/div>\n<\/li>\n<li class=\"level2\">\n<div class=\"li\">durch Teilnahme an Dialog<\/div>\n<\/li>\n<li class=\"level2\">\n<div class=\"li\">durch das Organisieren von Dialog-Treffen in Ilmenau mit Teilnehmenden aus der Umgebung sowie dar\u00fcber hinaus<\/div>\n<\/li>\n<\/ul>\n<div>\n<hr \/>\n<\/div>\n<div class=\"li\"><strong>Unser aktueller Projektfokus:<\/strong><\/div>\n<div class=\"li\">\n<ul>\n<li class=\"level2\">\n<div class=\"li\">Wir m\u00f6chten weitere Dialoge sowie Seminare oder Workshops zum Thema Dialog in Ilmenau und online organisieren<\/div>\n<\/li>\n<li class=\"level2\">\n<div class=\"li\">Um erfolgreiche Dialoge durchzuf\u00fchren, bauen wir aktuell ein Team von Dialog-Moderator*innen sowie Organisator*innen auf.<\/div>\n<\/li>\n<\/ul>\n<\/div>\n<div class=\"li\">Die zugrundeliegende Dialogmethodik wurde entwickelt am Nansen Center for Peace and Dialogue. Durch einen Vortrag von <a href=\"https:\/\/steinarbryn.info\/\">Dr. Steinar Bryn<\/a> w\u00e4hrend der <a href=\"https:\/\/www.youtube.com\/watch?v=cIx2X7CpB60\">ISWI 2019<\/a> wurde die Methodik das erste Mal in Ilmenau er\u00f6rtert. Daraufhin haben wir weitere Seminare und Trainings mit Christiane Seehausen und Siri Syverud Thorsen, die beide am Nansen Center for Peace and Dialogue arbeiten, organisiert und daran teilgenommen.<\/div>\n<div class=\"li\"><\/div>\n<div>\n<hr \/>\n<\/div>\n<div class=\"li\"><strong>Veranstaltungen<\/strong><\/div>\n<ul>\n<li><a href=\"https:\/\/2021.en.iswi.org\/dialogue\">\u2018Dialogue Programme\u2019 im Rahmen der Internationalen Studierendenwoche in Ilmenau 2021 vom 22. bis 27. Mai 2021<\/a><\/li>\n<li><a href=\"https:\/\/en.en.iswi.org\/projects\/dialogue\/training-dialogue-in-society\/\" target=\"_blank\" rel=\"noopener noreferrer\">\u2018Dialogue in Society\u2019 &#8211; Training vom 22. bis 25. Oktober 2020<\/a><\/li>\n<li class=\"level2\">\n<div><a href=\"https:\/\/en.en.iswi.org\/projects\/dialogue\/online-talk-august-2020\/\">&#8218;Dialogue in Conflict&#8216; &#8211; Online Seminar am 21. August 2020<\/a><\/div>\n<\/li>\n<\/ul>\n<figure id=\"attachment_9597\" aria-describedby=\"caption-attachment-9597\" style=\"width: 1200px\" class=\"wp-caption alignnone\"><a href=\"https:\/\/en.iswi.org\/wp-content\/uploads\/sites\/36\/dialogue-team.png\"><img fetchpriority=\"high\" decoding=\"async\" class=\"size-full wp-image-9597\" src=\"https:\/\/en.iswi.org\/wp-content\/uploads\/sites\/36\/dialogue-team.png\" alt=\"\" width=\"1200\" height=\"630\" srcset=\"https:\/\/en.iswi.org\/wp-content\/uploads\/sites\/36\/dialogue-team.png 1200w, https:\/\/en.iswi.org\/wp-content\/uploads\/sites\/36\/dialogue-team-300x158.png 300w, https:\/\/en.iswi.org\/wp-content\/uploads\/sites\/36\/dialogue-team-1024x538.png 1024w, https:\/\/en.iswi.org\/wp-content\/uploads\/sites\/36\/dialogue-team-768x403.png 768w\" sizes=\"(max-width: 1200px) 100vw, 1200px\" \/><\/a><figcaption id=\"caption-attachment-9597\" class=\"wp-caption-text\">Dialogue Team w\u00e4hrend des Trainings &#8222;Dialogue in Society&#8220; im Oktober 2020 (Foto by Pavel Chatterjee)<\/figcaption><\/figure>","protected":false},"excerpt":{"rendered":"<p>Mit diesem Projekt m\u00f6chte der ISWI e.V. Dialog als ein Mittel f\u00fcr Verst\u00e4ndnis zwischen Menschen sowie f\u00fcr Friedenskonsolidierung kennen lernen, Interessierten vorstellen und in Ilmenau sowie online umsetzen. Website Ilmenau Dialogue Center (Englisch) Wie k\u00f6nnen wir Dialog anregen und f\u00f6rdern? durch den Aufbau von Kapazit\u00e4ten, um Dialog zu verschiedenen Themenstellungen zu moderieren und zu begleiten [&hellip;]<\/p>","protected":false},"author":53,"featured_media":9597,"parent":62,"menu_order":0,"comment_status":"closed","ping_status":"closed","template":"","meta":{"footnotes":""},"class_list":["post-3987","page","type-page","status-publish","has-post-thumbnail","hentry"],"blocksy_meta":[],"_links":{"self":[{"href":"https:\/\/en.iswi.org\/en\/wp-json\/wp\/v2\/pages\/3987","targetHints":{"allow":["GET"]}}],"collection":[{"href":"https:\/\/en.iswi.org\/en\/wp-json\/wp\/v2\/pages"}],"about":[{"href":"https:\/\/en.iswi.org\/en\/wp-json\/wp\/v2\/types\/page"}],"author":[{"embeddable":true,"href":"https:\/\/en.iswi.org\/en\/wp-json\/wp\/v2\/users\/53"}],"replies":[{"embeddable":true,"href":"https:\/\/en.iswi.org\/en\/wp-json\/wp\/v2\/comments?post=3987"}],"version-history":[{"count":0,"href":"https:\/\/en.iswi.org\/en\/wp-json\/wp\/v2\/pages\/3987\/revisions"}],"up":[{"embeddable":true,"href":"https:\/\/en.iswi.org\/en\/wp-json\/wp\/v2\/pages\/62"}],"wp:featuredmedia":[{"embeddable":true,"href":"https:\/\/en.iswi.org\/en\/wp-json\/wp\/v2\/media\/9597"}],"wp:attachment":[{"href":"https:\/\/en.iswi.org\/en\/wp-json\/wp\/v2\/media?parent=3987"}],"curies":[{"name":"wp","href":"https:\/\/api.w.org\/{rel}","templated":true}]}}