{"id":426,"date":"2014-04-14T07:28:57","date_gmt":"2014-04-14T07:28:57","guid":{"rendered":"http:\/\/en.iswi.org\/?page_id=426"},"modified":"2018-05-26T01:28:29","modified_gmt":"2018-05-25T23:28:29","slug":"umsonstregal","status":"publish","type":"page","link":"https:\/\/en.iswi.org\/en\/projekte\/umsonstregal\/","title":{"rendered":"Give and Take Shelf"},"content":{"rendered":"<p style=\"text-align: justify\">Since last year, ISWI e.V. has also been taking care of that <strong>Give and Take Shelf<\/strong>.<\/p>\n<p style=\"text-align: justify\"><img fetchpriority=\"high\" decoding=\"async\" class=\"size-medium wp-image-428 alignnone\" src=\"https:\/\/en.iswi.org\/wp-content\/uploads\/sites\/36\/umsonstregal-225x300.jpg\" alt=\"umsonstregal\" width=\"225\" height=\"300\" srcset=\"https:\/\/en.iswi.org\/wp-content\/uploads\/sites\/36\/umsonstregal-225x300.jpg 225w, https:\/\/en.iswi.org\/wp-content\/uploads\/sites\/36\/umsonstregal.jpg 720w\" sizes=\"(max-width: 225px) 100vw, 225px\" \/><\/p>\n<p style=\"text-align: justify\">But what is that <strong>Give and Take Shelf<\/strong> at all?<\/p>\n<p style=\"text-align: justify\">May I introduce myself? I am the give-and-take shelf and I work according to the recycling principle. You may take items out of me or put them into me for free, provided you do the following:<\/p>\n<p style=\"text-align: justify\"><strong>I like things that are<\/strong><\/p>\n<ul style=\"text-align: justify\">\n<li>needed<\/li>\n<li>clean<\/li>\n<li>complete and<\/li>\n<li>that still function.<\/li>\n<\/ul>\n<p style=\"text-align: justify\"><strong>I don't like,<\/strong><\/p>\n<ul style=\"text-align: justify\">\n<li>what doesn't fit on a shelf<\/li>\n<li>perishable (food)<\/li>\n<li>broken or trash<\/li>\n<\/ul>\n<p style=\"text-align: justify\">Everything is fine so far? Then you can start now to make yourself and others happy!<\/p>\n<p style=\"text-align: justify\">On <a title=\"Besucht die Seite des Umsonstregals auf Facebook\" href=\"https:\/\/www.facebook.com\/Umsonstregal\" target=\"_blank\">Facebook<\/a> you can find out more about me.<\/p>","protected":false},"excerpt":{"rendered":"<p>Seit letztem Jahr k\u00fcmmert sich der ISWI e.V. auch um das Umsonstregal. Doch was ist das Umsonstregal \u00fcberhaupt? Darf ich mich kurz vorstellen? Ich bin das Umsonstregal und funktioniere nach dem Recycling-Prinzip. Ihr d\u00fcrft Gegenst\u00e4nde kostenlos aus mir entnehmen oder in mich hineinlegen, wenn ihr dabei Folgendes beachtet: Ich mag Dinge, die brauchbar sauber vollst\u00e4ndig [&hellip;]<\/p>","protected":false},"author":47,"featured_media":0,"parent":62,"menu_order":0,"comment_status":"closed","ping_status":"closed","template":"","meta":{"footnotes":""},"class_list":["post-426","page","type-page","status-publish","hentry"],"blocksy_meta":[],"_links":{"self":[{"href":"https:\/\/en.iswi.org\/en\/wp-json\/wp\/v2\/pages\/426","targetHints":{"allow":["GET"]}}],"collection":[{"href":"https:\/\/en.iswi.org\/en\/wp-json\/wp\/v2\/pages"}],"about":[{"href":"https:\/\/en.iswi.org\/en\/wp-json\/wp\/v2\/types\/page"}],"author":[{"embeddable":true,"href":"https:\/\/en.iswi.org\/en\/wp-json\/wp\/v2\/users\/47"}],"replies":[{"embeddable":true,"href":"https:\/\/en.iswi.org\/en\/wp-json\/wp\/v2\/comments?post=426"}],"version-history":[{"count":0,"href":"https:\/\/en.iswi.org\/en\/wp-json\/wp\/v2\/pages\/426\/revisions"}],"up":[{"embeddable":true,"href":"https:\/\/en.iswi.org\/en\/wp-json\/wp\/v2\/pages\/62"}],"wp:attachment":[{"href":"https:\/\/en.iswi.org\/en\/wp-json\/wp\/v2\/media?parent=426"}],"curies":[{"name":"wp","href":"https:\/\/api.w.org\/{rel}","templated":true}]}}