{"id":5971,"date":"2020-04-14T13:54:06","date_gmt":"2020-04-14T11:54:06","guid":{"rendered":"http:\/\/en.iswi.org\/?page_id=5971"},"modified":"2020-04-25T00:18:33","modified_gmt":"2020-04-24T22:18:33","slug":"hitathome","status":"publish","type":"page","link":"https:\/\/en.iswi.org\/en\/hitathome\/","title":{"rendered":"ISWI und ISWI e.V."},"content":{"rendered":"<h3>die Internationale Studierenden Woche Ilmenau \norganisiert von der Initiative Solidarische Welt Ilmenau<\/h3>\n\n\n\n<p><strong>\u201cISWI\u201d<\/strong> stands for <strong>\u201cInitiative Solidarische Welt Ilmenau\u201d<\/strong>\"We are an association founded by students, dedicated to promoting peace, international understanding, and a spirit of global unity and tolerance.\"\n<\/p>\n<p>Unser gr\u00f6\u00dftes Projekt ist die \u201c<strong>\"I<\/strong>nternational <strong>S<\/strong>tudent <strong>W<\/strong>eek in <strong>\"I<\/strong>lmenau\u201d (ebenfalls \u201cISWI\u201d). Dieses gr\u00f6\u00dfte internationale Studierendentreffen seiner Art in Deutschland wird seit 1993 im Zweijahres-Rhythmus an der Technischen Universit\u00e4t Ilmenau durchgef\u00fchrt.<\/p>\n<p><iframe title=\"ISWI 2019 | Opening Ceremony (Sat.)\" width=\"1290\" height=\"726\" src=\"https:\/\/www.youtube.com\/embed\/Jhd55geCBPo?list=PLvrb3PEB9vf4nalaug4OTY_0_Mu_dpP6Q\" frameborder=\"0\" allow=\"accelerometer; autoplay; clipboard-write; encrypted-media; gyroscope; picture-in-picture; web-share\" referrerpolicy=\"strict-origin-when-cross-origin\" allowfullscreen><\/iframe><\/p>\n<h3> <i> Webinar zum Tag der Offenen T\u00fcr <\/i> <\/h3>\n\n<p><strong>&gt;&gt; Besuche unser Webinar am Hochschulinformationstag der TU Ilmeanu &lt;&lt;<\/strong><\/p>\n\n\n\n<p class=\"has-background has-pale-cyan-blue-background-color\"><strong>Samstag, 25.04.2020, 12:15 Uhr &#8211; 14:00 Uhr <br><a href=\"https:\/\/tu-ilmenau.webex.com\/webappng\/sites\/tu-ilmenau\/meeting\/info\/159429961470451627?MTID=mf6a8cc9e54badd3a9824f9f6cacbd890\"> in diesem WebEx meeting<\/a><\/strong><\/p>","protected":false},"excerpt":{"rendered":"<p>die Internationale Studierenden Woche Ilmenau organisiert von der Initiative Solidarische Welt Ilmenau \u201cISWI\u201d steht f\u00fcr \u201cInitiative Solidarische Welt Ilmenau\u201d. Wir sind ein von Studierenden gegr\u00fcndeter Verein, der sich f\u00fcr Frieden, V\u00f6lkerverst\u00e4ndigung sowie internationale Gesinnung und Toleranz einsetzt. Unser gr\u00f6\u00dftes Projekt ist die \u201cInternational Student Week in Ilmenau\u201d (ebenfalls \u201cISWI\u201d). Dieses gr\u00f6\u00dfte internationale Studierendentreffen seiner Art [&hellip;]<\/p>","protected":false},"author":61,"featured_media":0,"parent":0,"menu_order":0,"comment_status":"closed","ping_status":"closed","template":"","meta":{"footnotes":""},"class_list":["post-5971","page","type-page","status-publish","hentry"],"blocksy_meta":[],"_links":{"self":[{"href":"https:\/\/en.iswi.org\/en\/wp-json\/wp\/v2\/pages\/5971","targetHints":{"allow":["GET"]}}],"collection":[{"href":"https:\/\/en.iswi.org\/en\/wp-json\/wp\/v2\/pages"}],"about":[{"href":"https:\/\/en.iswi.org\/en\/wp-json\/wp\/v2\/types\/page"}],"author":[{"embeddable":true,"href":"https:\/\/en.iswi.org\/en\/wp-json\/wp\/v2\/users\/61"}],"replies":[{"embeddable":true,"href":"https:\/\/en.iswi.org\/en\/wp-json\/wp\/v2\/comments?post=5971"}],"version-history":[{"count":0,"href":"https:\/\/en.iswi.org\/en\/wp-json\/wp\/v2\/pages\/5971\/revisions"}],"wp:attachment":[{"href":"https:\/\/en.iswi.org\/en\/wp-json\/wp\/v2\/media?parent=5971"}],"curies":[{"name":"wp","href":"https:\/\/api.w.org\/{rel}","templated":true}]}}