{"id":62,"date":"2013-11-18T17:12:30","date_gmt":"2013-11-18T17:12:30","guid":{"rendered":"http:\/\/en.iswi.org\/?page_id=62"},"modified":"2018-07-20T21:43:00","modified_gmt":"2018-07-20T19:43:00","slug":"projekte","status":"publish","type":"page","link":"https:\/\/en.iswi.org\/en\/projekte\/","title":{"rendered":"Projects"},"content":{"rendered":"<p style=\"text-align: justify;\">Hier findet ihr Informationen \u00fcber die aktuellen und schon abgeschlossenen Projekte unseres Vereins.<\/p>\n<p style=\"text-align: justify;\">Neben unserem Hauptprojekt\u00a0 &#8211; der\u00a0<a title=\"Internationale Studierenden Woche in Ilmenau\" href=\"https:\/\/en.iswi.org\/en\/internationale-studierenden-woche-in-ilmenau\/\">Internationalen Studierendenwoche in Ilmenau (ISWI)<\/a> &#8211; erstrecken sich unsere T\u00e4tigkeiten \u00fcber die Organisation von Vortr\u00e4gen zur politischen Bildung und Lesungen \u00fcber die Durchf\u00fchrung von internationalen Workcamps bis hin zur Bereicherung des Campuslebens &#8211; sei es das <a title=\"Professoren lesen Weihnachtsm\u00e4rchen\" href=\"https:\/\/en.iswi.org\/en\/projekte\/professoren-lesen-weihnachtsmaerchen\/\">Kitchen Run<\/a> oder <a title=\"Professoren lesen Weihnachtsm\u00e4rchen\" href=\"https:\/\/en.iswi.org\/en\/projekte\/professoren-lesen-weihnachtsmaerchen\/\">Professoren lesen Weihnachtsm\u00e4rchen<\/a>.<\/p>\n<p style=\"text-align: justify;\">Wir hoffen, dass ihr im Folgenden alle Informationen findet, die ihr sucht. Solltet ihr Fragen oder Anregungen haben, k\u00f6nnt ihr uns gerne <a title=\"Presse und Kontakt\" href=\"https:\/\/en.iswi.org\/en\/kontakt\/\">kontaktieren<\/a>.<\/p>","protected":false},"excerpt":{"rendered":"<p>Hier findet ihr Informationen \u00fcber die aktuellen und schon abgeschlossenen Projekte unseres Vereins. Neben unserem Hauptprojekt\u00a0 &#8211; der\u00a0Internationalen Studierendenwoche in Ilmenau (ISWI) &#8211; erstrecken sich unsere T\u00e4tigkeiten \u00fcber die Organisation von Vortr\u00e4gen zur politischen Bildung und Lesungen \u00fcber die Durchf\u00fchrung von internationalen Workcamps bis hin zur Bereicherung des Campuslebens &#8211; sei es das Kitchen Run [&hellip;]<\/p>","protected":false},"author":61,"featured_media":3477,"parent":0,"menu_order":0,"comment_status":"closed","ping_status":"closed","template":"","meta":{"footnotes":""},"class_list":["post-62","page","type-page","status-publish","has-post-thumbnail","hentry"],"blocksy_meta":[],"_links":{"self":[{"href":"https:\/\/en.iswi.org\/en\/wp-json\/wp\/v2\/pages\/62","targetHints":{"allow":["GET"]}}],"collection":[{"href":"https:\/\/en.iswi.org\/en\/wp-json\/wp\/v2\/pages"}],"about":[{"href":"https:\/\/en.iswi.org\/en\/wp-json\/wp\/v2\/types\/page"}],"author":[{"embeddable":true,"href":"https:\/\/en.iswi.org\/en\/wp-json\/wp\/v2\/users\/61"}],"replies":[{"embeddable":true,"href":"https:\/\/en.iswi.org\/en\/wp-json\/wp\/v2\/comments?post=62"}],"version-history":[{"count":0,"href":"https:\/\/en.iswi.org\/en\/wp-json\/wp\/v2\/pages\/62\/revisions"}],"wp:featuredmedia":[{"embeddable":true,"href":"https:\/\/en.iswi.org\/en\/wp-json\/wp\/v2\/media\/3477"}],"wp:attachment":[{"href":"https:\/\/en.iswi.org\/en\/wp-json\/wp\/v2\/media?parent=62"}],"curies":[{"name":"wp","href":"https:\/\/api.w.org\/{rel}","templated":true}]}}