{"id":8,"date":"2013-11-18T16:24:36","date_gmt":"2013-11-18T16:24:36","guid":{"rendered":"http:\/\/en.iswi.org\/?page_id=8"},"modified":"2024-11-21T18:30:58","modified_gmt":"2024-11-21T17:30:58","slug":"internationale-studierenden-woche-in-ilmenau","status":"publish","type":"page","link":"https:\/\/en.iswi.org\/en\/internationale-studierenden-woche-in-ilmenau\/","title":{"rendered":"International Student Week in Ilmenau"},"content":{"rendered":"<div data-elementor-type=\"wp-page\" data-elementor-id=\"8\" class=\"elementor elementor-8\">\n\t\t\t\t\t\t<section class=\"elementor-section elementor-top-section elementor-element elementor-element-1d7308b elementor-section-boxed elementor-section-height-default elementor-section-height-default\" data-id=\"1d7308b\" data-element_type=\"section\">\n\t\t\t\t\t\t<div class=\"elementor-container elementor-column-gap-default\">\n\t\t\t\t\t<div class=\"elementor-column elementor-col-100 elementor-top-column elementor-element elementor-element-064b735\" data-id=\"064b735\" data-element_type=\"column\">\n\t\t\t<div class=\"elementor-widget-wrap elementor-element-populated\">\n\t\t\t\t\t\t<div class=\"elementor-element elementor-element-6cf2b21 elementor-widget elementor-widget-image\" data-id=\"6cf2b21\" data-element_type=\"widget\" data-widget_type=\"image.default\">\n\t\t\t\t<div class=\"elementor-widget-container\">\n\t\t\t\t\t\t\t\t\t\t\t\t\t\t\t<img fetchpriority=\"high\" decoding=\"async\" width=\"640\" height=\"230\" src=\"https:\/\/en.iswi.org\/wp-content\/uploads\/sites\/36\/International-Brunch_ISWI2015_by-Max-Judge-1-e1696112937976.jpg\" class=\"attachment-full size-full wp-image-3475\" alt=\"\" srcset=\"https:\/\/en.iswi.org\/wp-content\/uploads\/sites\/36\/International-Brunch_ISWI2015_by-Max-Judge-1-e1696112937976.jpg 640w, https:\/\/en.iswi.org\/wp-content\/uploads\/sites\/36\/International-Brunch_ISWI2015_by-Max-Judge-1-e1696112937976-300x108.jpg 300w, https:\/\/en.iswi.org\/wp-content\/uploads\/sites\/36\/International-Brunch_ISWI2015_by-Max-Judge-1-e1696112937976-18x6.jpg 18w\" sizes=\"(max-width: 640px) 100vw, 640px\" \/>\t\t\t\t\t\t\t\t\t\t\t\t\t\t\t<\/div>\n\t\t\t\t<\/div>\n\t\t\t\t\t<\/div>\n\t\t<\/div>\n\t\t\t\t\t<\/div>\n\t\t<\/section>\n\t\t\t\t<section class=\"elementor-section elementor-top-section elementor-element elementor-element-6a712f13 elementor-section-boxed elementor-section-height-default elementor-section-height-default\" data-id=\"6a712f13\" data-element_type=\"section\">\n\t\t\t\t\t\t<div class=\"elementor-container elementor-column-gap-default\">\n\t\t\t\t\t<div class=\"elementor-column elementor-col-100 elementor-top-column elementor-element elementor-element-7331e36f\" data-id=\"7331e36f\" data-element_type=\"column\">\n\t\t\t<div class=\"elementor-widget-wrap elementor-element-populated\">\n\t\t\t\t\t\t<div class=\"elementor-element elementor-element-630967c3 elementor-widget elementor-widget-text-editor\" data-id=\"630967c3\" data-element_type=\"widget\" data-widget_type=\"text-editor.default\">\n\t\t\t\t<div class=\"elementor-widget-container\">\n\t\t\t\t\t\t\t\t\t<p>ISWI &#8211; diese vier Buchstaben stehen nicht nur f\u00fcr den Namen unseres Vereins sondern auch f\u00fcr unser gr\u00f6\u00dftes Projekt: die &#8222;<strong>\"I<\/strong>nternationale\u00a0<strong>S<\/strong>tudierenden<strong>w<\/strong>oche in\u00a0<strong>\"I<\/strong>lmenau&#8220;. Sie\u00a0ist eine von Studierenden f\u00fcr Studierende organisierte Konferenz, die sich im Vergleich zu vielen \u00e4hnlichen Veranstaltungen durch ihren gro\u00dfen thematischen Anteil auszeichnet. Die Konferenzsprache ist Englisch.<\/p><p style=\"text-align: justify;\">\"Since 1993, we have been organizing this largest nationwide student conference every two years. We have now completed the thirteenth ISWI and, of course, hope for many more International Student Weeks in the future.\"<\/p><p style=\"text-align: justify;\">Jede ISWI steht unter einem Hauptthema, welches w\u00e4hrend der Konferenz in Arbeitsgruppen, Diskussionsrunden, sowie \u00f6ffentlichen Vortr\u00e4gen und Debatten von verschiedenen Seiten beleuchtet wird. Dazu laden wir hochkar\u00e4tige Referenten zu uns ein, die die inhaltliche Arbeit w\u00e4hrend der Woche durch ihre Erfahrungen, ihr Wissen und ihre Ideen unterst\u00fctzen. Unser Ziel ist ein Austausch der verschiedenen Kulturen, Professoren, Experten, Studierenden und einheimischen Besucher*Innen untereinander. Sie sollen gemeinsam diskutieren, Probleme aufzeigen und versuchen, L\u00f6sungsm\u00f6glichkeiten zu finden. Um das Gesamtkonzept abzurunden, gibt es dazu noch einen gro\u00dfen kulturellen Teil.<\/p>\t\t\t\t\t\t\t\t<\/div>\n\t\t\t\t<\/div>\n\t\t\t\t\t<\/div>\n\t\t<\/div>\n\t\t\t\t\t<\/div>\n\t\t<\/section>\n\t\t<div class=\"elementor-element elementor-element-4a6e8cd e-grid e-con-boxed e-con e-parent\" data-id=\"4a6e8cd\" data-element_type=\"container\">\n\t\t\t\t\t<div class=\"e-con-inner\">\n\t\t\t\t<div class=\"elementor-element elementor-element-0bddbec elementor-widget elementor-widget-html\" data-id=\"0bddbec\" data-element_type=\"widget\" data-widget_type=\"html.default\">\n\t\t\t\t<div class=\"elementor-widget-container\">\n\t\t\t\t\t<a href=\"https:\/\/2025.en.iswi.org\/\" style=\"text-decoration: none;\">\n    <li class=\"elementor-icon-list-item\" style=\"background-color: #217D7D; color: #FFFFFF; display: inline-flex; align-items: center; padding: 5px 15px; border-radius: 5px; border: 2px solid #FFFFFF; font-weight: bold; cursor: pointer;\">\n        <span class=\"elementor-icon-list-icon\" style=\"margin-right: 8px;\">\n            <i aria-hidden=\"true\" class=\"fas fa-pencil-alt\"><\/i>\n        <\/span>\n        <span class=\"elementor-icon-list-text\">Apply to ISWI 2025<\/span>\n    <\/li>\n<\/a>\n\t\t\t\t<\/div>\n\t\t\t\t<\/div>\n\t\t\t\t\t<\/div>\n\t\t\t\t<\/div>\n\t\t\t\t<section class=\"elementor-section elementor-top-section elementor-element elementor-element-7939dc9 elementor-section-boxed elementor-section-height-default elementor-section-height-default\" data-id=\"7939dc9\" data-element_type=\"section\">\n\t\t\t\t\t\t<div class=\"elementor-container elementor-column-gap-default\">\n\t\t\t\t\t<div class=\"elementor-column elementor-col-100 elementor-top-column elementor-element elementor-element-f310185\" data-id=\"f310185\" data-element_type=\"column\">\n\t\t\t<div class=\"elementor-widget-wrap elementor-element-populated\">\n\t\t\t\t\t\t<div class=\"elementor-element elementor-element-5bd6007 elementor-hidden-desktop elementor-hidden-tablet elementor-hidden-mobile elementor-widget elementor-widget-text-editor\" data-id=\"5bd6007\" data-element_type=\"widget\" data-widget_type=\"text-editor.default\">\n\t\t\t\t<div class=\"elementor-widget-container\">\n\t\t\t\t\t\t\t\t\t<p>Du hast Lust bei der ISWI mitzumachen? Dann klick&#8216; dich doch einfach mal durch die Aufgabenbereiche durch:<\/p><p>[expand title=&#8220;<img decoding=\"async\" src=\"https:\/\/en.iswi.org\/wp-content\/uploads\/InhaltIcon.png\" \/>&#8220; tag=&#8220;div&#8220; alt=&#8220;mehr Informationen&#8220; trigclass=&#8220;snap-shut noarrow&#8220; rel=&#8220;1&#8243;]<\/p><p>Das Herzst\u00fcck jeder ISWI sind die Gruppenarbeit, Vortr\u00e4ge, Workshops und Diskussionsrunden. Hier kannst du:<\/p><p>&#8211; inspirierende Pers\u00f6nlichkeiten nach Ilmenau einladen<br \/>&#8211; Themen, die dich interessieren, als Schwerpunkte der Internationalen Studierendenwoche setzen<br \/>&#8211; Filme, Vortr\u00e4ge u.a. organisieren<br \/>&#8211; an spannenden Workshops teilhaben<\/p><p><a href=\"https:\/\/en.iswi.org\/en\/kontakt\/\" target=\"_blank\" rel=\"noopener\">Wir freuen uns auf deine Ideen!<\/a><\/p><p>[\/expand]<\/p><p>[expand title=&#8220;<img decoding=\"async\" src=\"https:\/\/en.iswi.org\/wp-content\/uploads\/Design2Icon.png\" \/>&#8220; tag=&#8220;div&#8220; alt=&#8220;mehr Informationen&#8220; trigclass=&#8220;snap-shut noarrow&#8220; rel=&#8220;1&#8243;]<\/p><p>Hier kannst du Kenntnisse in Design-Software erwerben\/vertiefen und deiner Kreativit\u00e4t freien Lauf lassen:<\/p><p>&#8211; Design f\u00fcr die International Student Week in Ilmenau (Poster, Konfernzb\u00e4ndchen, T-Shirts, Programmheft, &#8230;)<br \/>&#8211; InDesign\/Photoshop\/GIMP\/Inkscape &#8230;<br \/>&#8211; Banner gestalten \/ Requisiten \/ Deko herstellen &#8230;<\/p><p>Wenn du dich hierf\u00fcr interessierst, <a href=\"https:\/\/en.iswi.org\/en\/kontakt\/\" target=\"_blank\" rel=\"noopener\">dann melde dich bei uns!<\/a><\/p><p>[\/expand]<\/p><p>[expand title=&#8220;<img decoding=\"async\" src=\"https:\/\/en.iswi.org\/wp-content\/uploads\/KulturIcon.png\" \/>&#8220; tag=&#8220;div&#8220; alt=&#8220;mehr Informationen&#8220; trigclass=&#8220;snap-shut noarrow&#8220; rel=&#8220;1&#8243;]<\/p><p>Neben dem inhaltlichen Programm ist nat\u00fcrlich auch einiges an Kultur geboten. Dadurch wird jede ISWI zum kulturellen Highlight f\u00fcr Ilmenau! Du kannst hier verschiedene Events planen und gestalten:<\/p><p>&#8211; Konzerte mit deinen Lieblingsmusikern<br \/>&#8211; Events f\u00fcr interkulturelle Begegnung (z.B. World Food Festival am Wetzlarer Platz)<br \/>&#8211; Themenabende<br \/>&#8211; Partys<\/p><p>Dies beinhaltet Planungstreffen, Kontakt mit K\u00fcnstlern, Kontakt mit den Vereinen auf dem Campus und vieles mehr. Interesse? <a href=\"https:\/\/en.iswi.org\/en\/kontakt\/\" target=\"_blank\" rel=\"noopener\">Dann melde dich doch bei uns!<\/a><\/p><p>[\/expand]<\/p><p>[expand title=&#8220;<img decoding=\"async\" src=\"https:\/\/en.iswi.org\/wp-content\/uploads\/LogistikIcon.png\" \/>&#8220; tag=&#8220;div&#8220; alt=&#8220;mehr Informationen&#8220; trigclass=&#8220;snap-shut noarrow&#8220; rel=&#8220;1&#8243;]<\/p><p>F\u00fcr eine Konferenz wie die ISWI ben\u00f6tigen wir diverse Fahrzeuge und Transportmittel. Du kannst dabei helfen<\/p><p>&#8211; Transporter, Autos, Lastenfahrr\u00e4der, etc. zu mieten<br \/>&#8211; Transporte von A nach B organisieren und daf\u00fcr zu sorgen, dass alles funktioniert<\/p><p>Interesse? <a href=\"https:\/\/en.iswi.org\/en\/kontakt\/\" target=\"_blank\" rel=\"noopener\">Then get in touch with us!<\/a><\/p><p>[\/expand]<\/p><p>[expand title=&#8220;<img decoding=\"async\" src=\"https:\/\/en.iswi.org\/wp-content\/uploads\/MaterialIcon.png\" \/>&#8220; tag=&#8220;div&#8220; alt=&#8220;mehr Informationen&#8220; trigclass=&#8220;snap-shut noarrow&#8220; rel=&#8220;1&#8243;]<\/p><p>Ohne Materialien keine Workshops, Vortr\u00e4ge und alles was zu einer ISWI geh\u00f6rt. Hier kommst du voll auf deine Kosten, wenn du gerne einkaufst, Schn\u00e4ppchenj\u00e4ger_in bist oder gerne Lager-Tetris spielst.<br \/>Auch die Einrichtung des Infopoints ist eine wichtige Teilaufgabe:<\/p><p>&#8211; R\u00e4ume f\u00fcr die Gruppenarbeit, Vortr\u00e4ge und Events buchen und vorbereiten<br \/>&#8211; Material einkaufen, lagern und bereitstellen<br \/>&#8211; Infopoint (Anlaufstelle in der Mensa f\u00fcr Fragen aller Art zur ISWI) konzipieren, aufbauen und betreuen<\/p><p>Hast du Interesse? <a href=\"https:\/\/en.iswi.org\/en\/kontakt\/\" target=\"_blank\" rel=\"noopener\">Then get in touch with us!<\/a><\/p><p>[\/expand]<\/p><p>[expand title=&#8220;<img decoding=\"async\" src=\"https:\/\/en.iswi.org\/wp-content\/uploads\/MenschenIcon.png\" \/>&#8220; tag=&#8220;div&#8220; alt=&#8220;mehr Informationen&#8220; trigclass=&#8220;snap-shut noarrow&#8220; rel=&#8220;1&#8243;]<\/p><p>Was w\u00e4re eine ISWI ohne Teilnehmende, Gastgeber_innen, Helfer_innen, Groupleader_innen oder das Organisationsteam? Deswegen haben wir auch Verantwortliche f\u00fcr die einzelnen Gruppen, um eine tolle ISWI auf die Beine zu stellen:<\/p><p>&#8211; Groupleader<br \/># helfe den Groupleadern bei der Wahl einer spannenden Arbeitsgruppe<br \/># organisiere das Groupleaderwochenendes mit vielen Workshops<br \/># direkter Kontakt zwischen Groupleadern und Organisationsteam<\/p><p>&#8211; Teilnehmende<br \/># halte Kontakt mit den Teilnehmenden und Botschaften bzw. dem Ausw\u00e4rtigen Amt<br \/># helfe ihnen, ihren Aufenthalt in Ilmenau vorzubereiten<br \/># beantworte Fragen vor, w\u00e4hrend und nach der Konferenz<br \/># direkter Kontakt zwischen Teilnehmenden und Organisationsteam<\/p><p>&#8211; Gastgeber_innen<br \/># Werbung f\u00fcr das Host-System der ISWI (Teilnehmende \u00fcbernachten bei Ilmenauern, um sich besser kennenzulernen und damit einen interkulturellen Austausch zu erm\u00f6glichen)<br \/># beantworte Fragen vor, w\u00e4hrend und nach der Konferenz<br \/># direkter Kontakt zwischen Gastgeber_innen und Organisationsteam<\/p><p>&#8211; Helfer_innen<br \/># Akquise von Helfer_innen<br \/># direkter Kontakt zwischen Gastgeber_innen und Organisationsteam<\/p><p>Du kannst gut mit Menschen? <a href=\"https:\/\/en.iswi.org\/en\/kontakt\/\" target=\"_blank\" rel=\"noopener\">Then get in touch with us!<\/a><\/p><p>[\/expand]<\/p><p>[expand title=&#8220;<img decoding=\"async\" src=\"https:\/\/en.iswi.org\/wp-content\/uploads\/Verpflegung.png\" \/>&#8220; tag=&#8220;div&#8220; alt=&#8220;mehr Informationen&#8220; trigclass=&#8220;snap-shut noarrow&#8220; rel=&#8220;1&#8243;]<\/p><p>Om nom nom &#8230; Nat\u00fcrlich gibt&#8217;s bei der ISWI auch immer Verpflegung f\u00fcr die Teilis, Orgas, Groupleader, aber auch f\u00fcr Vortragende und K\u00fcnstler_innen. Deswegen ist ein gutes Verpflegungsteam nat\u00fcrlich immens wichtig bei einer ISWI:<\/p><p>&#8211; planen des Mittagessens\/Abendessen f\u00fcr ISWI Teilis, Orgas und Groupleader<br \/>&#8211; organisieren des Caterings f\u00fcr Vortragende und K\u00fcnstler_innen<br \/>&#8211; sicherstellen, dass es bei den events auch gen\u00fcgend Essen &amp; Trinken f\u00fcr G\u00e4ste gibt<\/p><p>Du hast einen guten Geschmack und bist ein Organisationstalent? <a href=\"https:\/\/en.iswi.org\/en\/kontakt target=_blank\/\" rel=\"noopener\">Dann komm&#8216; auf uns zu!<\/a><\/p><p>[\/expand]<\/p><p>[expand title=&#8220;<img decoding=\"async\" src=\"https:\/\/en.iswi.org\/wp-content\/uploads\/FinanzenIcon.png\" \/>&#8220; tag=&#8220;div&#8220; alt=&#8220;mehr Informationen&#8220; trigclass=&#8220;snap-shut noarrow&#8220; rel=&#8220;1&#8243;]<\/p><p>Funding is also needed for the conference, of course. Wishes can be fulfilled here:<\/p><p>\u2013 Create project description<br \/>\u2013 Creation of a cost plan<br \/>\u2013 Coordination of expenditure<br \/>\u2013 Acquisition of funding (financial applications)<\/p><p>Would you like to become a financial professional, fulfill wishes and make Ilmenau's biggest event possible? <a href=\"https:\/\/en.iswi.org\/en\/kontakt\/\" target=\"_blank\" rel=\"noopener\">Then get in touch with us!<\/a><\/p><p>[\/expand]<\/p><p>[expand title=&#8220;<img decoding=\"async\" src=\"https:\/\/en.iswi.org\/wp-content\/uploads\/ITIcon.png\" \/>&#8220; tag=&#8220;div&#8220; alt=&#8220;mehr Informationen&#8220; trigclass=&#8220;snap-shut noarrow&#8220; rel=&#8220;1&#8243;]<\/p><p>Of course, with so many projects, we also need an IT infrastructure to help us. There are very exciting fields and the possibility of simplifying project organization:<\/p><p>&#8211; Homepage (wordpress)<br \/>\u2013 Infrastructure (wiki, cakePHP, ownCloud, ISWI office PCs, ...)<br \/>\u2013 Programming of our event management system<\/p><p><a href=\"https:\/\/en.iswi.org\/en\/kontakt\/\" target=\"_blank\" rel=\"noopener\">You are welcome to contact us<\/a> and get a taste of the IT sector.<\/p><p>[\/expand]<\/p><p>[expand title=&#8216;<img decoding=\"async\" src=\"https:\/\/en.iswi.org\/wp-content\/uploads\/PresseIcon.png\" \/>&#8220; tag=&#8220;div&#8220; alt=&#8220;mehr Informationen&#8220; trigclass=&#8220;snap-shut noarrow&#8220; rel=&#8220;1&#8243;]<\/p><p>Contact with the press and the outside world is also important for our club. For example, you can:<\/p><p>\u2013 Learn to write press articles<br \/>\u2013 Gain experience with social media channels<br \/>\u2013 Become a spokesperson for the next International Student Week<\/p><p>Interested? <a href=\"https:\/\/en.iswi.org\/en\/kontakt\/\" target=\"_blank\" rel=\"noopener\">Dann komm&#8216; auf uns zu.<\/a><\/p><p>[\/expand]<\/p>\t\t\t\t\t\t\t\t<\/div>\n\t\t\t\t<\/div>\n\t\t\t\t\t<\/div>\n\t\t<\/div>\n\t\t\t\t\t<\/div>\n\t\t<\/section>\n\t\t\t\t<\/div>","protected":false},"excerpt":{"rendered":"<p>ISWI &#8211; diese vier Buchstaben stehen nicht nur f\u00fcr den Namen unseres Vereins sondern auch f\u00fcr unser gr\u00f6\u00dftes Projekt: die &#8222;Internationale\u00a0Studierendenwoche in\u00a0Ilmenau&#8220;. Sie\u00a0ist eine von Studierenden f\u00fcr Studierende organisierte Konferenz, die sich im Vergleich zu vielen \u00e4hnlichen Veranstaltungen durch ihren gro\u00dfen thematischen Anteil auszeichnet. Die Konferenzsprache ist Englisch. Seit 1993 organisieren wir alle zwei Jahre [&hellip;]<\/p>","protected":false},"author":61,"featured_media":3475,"parent":0,"menu_order":0,"comment_status":"closed","ping_status":"closed","template":"","meta":{"footnotes":""},"class_list":["post-8","page","type-page","status-publish","has-post-thumbnail","hentry"],"blocksy_meta":[],"_links":{"self":[{"href":"https:\/\/en.iswi.org\/en\/wp-json\/wp\/v2\/pages\/8","targetHints":{"allow":["GET"]}}],"collection":[{"href":"https:\/\/en.iswi.org\/en\/wp-json\/wp\/v2\/pages"}],"about":[{"href":"https:\/\/en.iswi.org\/en\/wp-json\/wp\/v2\/types\/page"}],"author":[{"embeddable":true,"href":"https:\/\/en.iswi.org\/en\/wp-json\/wp\/v2\/users\/61"}],"replies":[{"embeddable":true,"href":"https:\/\/en.iswi.org\/en\/wp-json\/wp\/v2\/comments?post=8"}],"version-history":[{"count":12,"href":"https:\/\/en.iswi.org\/en\/wp-json\/wp\/v2\/pages\/8\/revisions"}],"predecessor-version":[{"id":11682,"href":"https:\/\/en.iswi.org\/en\/wp-json\/wp\/v2\/pages\/8\/revisions\/11682"}],"wp:featuredmedia":[{"embeddable":true,"href":"https:\/\/en.iswi.org\/en\/wp-json\/wp\/v2\/media\/3475"}],"wp:attachment":[{"href":"https:\/\/en.iswi.org\/en\/wp-json\/wp\/v2\/media?parent=8"}],"curies":[{"name":"wp","href":"https:\/\/api.w.org\/{rel}","templated":true}]}}