{"id":9479,"date":"2021-10-02T11:46:30","date_gmt":"2021-10-02T09:46:30","guid":{"rendered":"http:\/\/en.iswi.org\/?page_id=9479"},"modified":"2021-10-12T23:23:06","modified_gmt":"2021-10-12T21:23:06","slug":"schnupperkurs-des-spanisch-sprachtreffs","status":"publish","type":"page","link":"https:\/\/en.iswi.org\/en\/schnupperkurs-des-spanisch-sprachtreffs\/","title":{"rendered":"Spanish Language Meeting"},"content":{"rendered":"<p>ARE YOU INTERESTED IN PRACTICING YOUR SPANISH? Then JOIN THE SPANISH LANGUAGE MEETING! Whether you're already learning the language or just want to get started with the basics, this is your opportunity. <\/p>\n\n\n\n<p>The Spanish language meeting regularly takes place on Tuesdays from 7 p.m. to 8 p.m.<\/p>\n\n\n\n<div class=\"wp-block-image\"><figure class=\"aligncenter size-large is-resized\"><img fetchpriority=\"high\" decoding=\"async\" src=\"https:\/\/en.iswi.org\/wp-content\/uploads\/sites\/36\/SpanishSprachtreff_oct2021_01-724x1024.png\" alt=\"\" class=\"wp-image-9573\" width=\"543\" height=\"768\"\/><\/figure><\/div>","protected":false},"excerpt":{"rendered":"<p>INTERESSIERST DU DICH DAF\u00dcR, SPANISCH ZU \u00dcBEN? Dann NIMM AM SPANISCH-SPRACHTREFF TEIL! Egal ob du die Sprache schon lernst oder einfach mit den grundlegenden W\u00f6rtern beginnen willst, dies ist deine Gelegenheit. Wir bieten regul\u00e4r den Spanisch-Sprachentreff Dienstags von 19 bis 20 Uhr.<\/p>","protected":false},"author":107,"featured_media":0,"parent":0,"menu_order":0,"comment_status":"closed","ping_status":"closed","template":"","meta":{"footnotes":""},"class_list":["post-9479","page","type-page","status-publish","hentry"],"blocksy_meta":[],"_links":{"self":[{"href":"https:\/\/en.iswi.org\/en\/wp-json\/wp\/v2\/pages\/9479","targetHints":{"allow":["GET"]}}],"collection":[{"href":"https:\/\/en.iswi.org\/en\/wp-json\/wp\/v2\/pages"}],"about":[{"href":"https:\/\/en.iswi.org\/en\/wp-json\/wp\/v2\/types\/page"}],"author":[{"embeddable":true,"href":"https:\/\/en.iswi.org\/en\/wp-json\/wp\/v2\/users\/107"}],"replies":[{"embeddable":true,"href":"https:\/\/en.iswi.org\/en\/wp-json\/wp\/v2\/comments?post=9479"}],"version-history":[{"count":0,"href":"https:\/\/en.iswi.org\/en\/wp-json\/wp\/v2\/pages\/9479\/revisions"}],"wp:attachment":[{"href":"https:\/\/en.iswi.org\/en\/wp-json\/wp\/v2\/media?parent=9479"}],"curies":[{"name":"wp","href":"https:\/\/api.w.org\/{rel}","templated":true}]}}